{"id":33261,"date":"2024-08-27T04:53:09","date_gmt":"2024-08-27T04:53:09","guid":{"rendered":"https:\/\/www.hradsaris.sk\/?page_id=33261"},"modified":"2026-02-06T12:34:48","modified_gmt":"2026-02-06T12:34:48","slug":"archeopark-galeria","status":"publish","type":"page","link":"https:\/\/www.hradsaris.sk\/archeopark-galeria\/","title":{"rendered":"Archeopark gal\u00e9ria"},"content":{"rendered":"<p>[vc_row full_width=&#8221;stretch_row&#8221; enable_first_overlay=&#8221;true&#8221; first_overlay_opacity=&#8221;100&#8243; first_background_color=&#8221;#f3f3f3&#8243;][vc_column]\n\t\t\t<!-- START ArcheoparkSlider REVOLUTION SLIDER 6.5.24 --><p class=\"rs-p-wp-fix\"><\/p>\n\t\t\t<rs-module-wrap id=\"rev_slider_4_1_wrapper\" data-source=\"gallery\" style=\"visibility:hidden;background:transparent;padding:0;margin:0px auto;margin-top:0;margin-bottom:0;\">\n\t\t\t\t<rs-module id=\"rev_slider_4_1\" style=\"\" data-version=\"6.5.24\">\n\t\t\t\t\t<rs-slides>\n\t\t\t\t\t\t<rs-slide style=\"position: absolute;\" data-key=\"rs-10\" data-title=\"Uvod Prezentacia\" data-duration=\"17560\" data-in=\"o:0;\" data-out=\"a:false;\" data-mediafilter=\"mayfair\">\n\t\t\t\t\t\t\t<img src=\"\/\/www.hradsaris.sk\/wp-content\/plugins\/revslider\/public\/assets\/assets\/dummy.png\" alt=\"\" title=\"FL_Photography-0840\" width=\"2560\" height=\"1920\" class=\"rev-slidebg tp-rs-img rs-lazyload\" data-lazyload=\"\/\/www.hradsaris.sk\/wp-content\/uploads\/2025\/07\/FL_Photography-0840-scaled.jpg\" data-parallax=\"2\" data-no-retina>\n<!--\n\t\t\t\t\t\t\t--><rs-layer\n\t\t\t\t\t\t\t\tid=\"slider-4-slide-10-layer-2\" \n\t\t\t\t\t\t\t\tdata-type=\"text\"\n\t\t\t\t\t\t\t\tdata-color=\"#ffffff||rgba(255, 255, 255, 1)||rgba(255, 255, 255, 1)||rgba(255, 255, 255, 1)\"\n\t\t\t\t\t\t\t\tdata-rsp_ch=\"on\"\n\t\t\t\t\t\t\t\tdata-xy=\"x:c,l,l,c;xo:32px,0,0,0;y:m;yo:-176px,-118px,-183px,-106px;\"\n\t\t\t\t\t\t\t\tdata-text=\"s:65,60,50,40;l:90,80,70,50;fw:700,300,300,300;\"\n\t\t\t\t\t\t\t\tdata-frame_0=\"o:1;\"\n\t\t\t\t\t\t\t\tdata-frame_0_chars=\"d:5;y:-100%;o:1;rZ:35deg;\"\n\t\t\t\t\t\t\t\tdata-frame_0_mask=\"u:t;\"\n\t\t\t\t\t\t\t\tdata-frame_1=\"e:power4.inOut;st:730;sp:2000;sR:730;\"\n\t\t\t\t\t\t\t\tdata-frame_1_chars=\"d:5;\"\n\t\t\t\t\t\t\t\tdata-frame_1_mask=\"u:t;\"\n\t\t\t\t\t\t\t\tdata-frame_999=\"o:0;e:nothing;st:w;sR:14080;\"\n\t\t\t\t\t\t\t\tstyle=\"z-index:5;font-family:'Roboto Slab';text-shadow:0 3px 0 rgba(0,0,0,0.4);\"\n\t\t\t\t\t\t\t>ARCHEOPARK VE\u013dK\u00dd \u0160ARI\u0160 \n\t\t\t\t\t\t\t<\/rs-layer><!--\n\n\t\t\t\t\t\t\t--><rs-layer\n\t\t\t\t\t\t\t\tid=\"slider-4-slide-10-layer-7\" \n\t\t\t\t\t\t\t\tdata-type=\"text\"\n\t\t\t\t\t\t\t\tdata-color=\"#ffffff||rgba(255, 255, 255, 1)||rgba(255, 255, 255, 1)||rgba(255, 255, 255, 1)\"\n\t\t\t\t\t\t\t\tdata-rsp_ch=\"on\"\n\t\t\t\t\t\t\t\tdata-xy=\"x:c,l,l,c;xo:238px,0,0,0;y:m;yo:-128px,-48px,-131px,-22px;\"\n\t\t\t\t\t\t\t\tdata-text=\"s:40,35,30,25;l:60,50,40,25;fw:300;\"\n\t\t\t\t\t\t\t\tdata-frame_0=\"o:1;\"\n\t\t\t\t\t\t\t\tdata-frame_0_chars=\"d:5;y:-100%;o:1;rZ:35deg;\"\n\t\t\t\t\t\t\t\tdata-frame_0_mask=\"u:t;\"\n\t\t\t\t\t\t\t\tdata-frame_1=\"e:power4.inOut;st:2250;sp:2000;sR:2250;\"\n\t\t\t\t\t\t\t\tdata-frame_1_chars=\"d:5;\"\n\t\t\t\t\t\t\t\tdata-frame_1_mask=\"u:t;\"\n\t\t\t\t\t\t\t\tdata-frame_999=\"o:0;e:nothing;st:w;sR:12260;\"\n\t\t\t\t\t\t\t\tstyle=\"z-index:6;font-family:'Roboto Slab';text-shadow:0 3px 0 rgba(0,0,0,0.4);\"\n\t\t\t\t\t\t\t>kult\u00farne dedi\u010dstvo. umenie. remeslo. \n\t\t\t\t\t\t\t<\/rs-layer><!--\n\n\t\t\t\t\t\t\t--><rs-layer\n\t\t\t\t\t\t\t\tid=\"slider-4-slide-10-layer-10\" \n\t\t\t\t\t\t\t\tclass=\"rev-btn rev-withicon\"\n\t\t\t\t\t\t\t\tdata-type=\"button\"\n\t\t\t\t\t\t\t\tdata-color=\"rgba(145, 0, 0, 0.76)||rgba(0, 0, 0, 0.76)||rgba(0, 0, 0, 0.76)||rgba(0, 0, 0, 0.76)\"\n\t\t\t\t\t\t\t\tdata-xy=\"x:c,l,l,c;xo:113px,0,0,-2px;yo:351px,325px,128px,302px;\"\n\t\t\t\t\t\t\t\tdata-text=\"s:18,14,14,14;l:14;fw:400,500,500,500;a:center,inherit,inherit,inherit;\"\n\t\t\t\t\t\t\t\tdata-rsp_bd=\"off\"\n\t\t\t\t\t\t\t\tdata-padding=\"t:10;r:30;b:10;l:30;\"\n\t\t\t\t\t\t\t\tdata-border=\"bor:30px,30px,30px,30px;\"\n\t\t\t\t\t\t\t\tdata-frame_1=\"st:5070;sp:1060;sR:5070;\"\n\t\t\t\t\t\t\t\tdata-frame_999=\"o:0;st:w;sR:11430;\"\n\t\t\t\t\t\t\t\tdata-frame_hover=\"c:#fff;bgc:rgba(0,0,0,0.75);boc:#000;bor:30px,30px,30px,30px;bos:solid;oX:50;oY:50;sp:0;e:none;\"\n\t\t\t\t\t\t\t\tstyle=\"z-index:7;background-color:rgba(255,255,255,0.75);font-family:'Roboto Slab';cursor:pointer;outline:none;box-shadow:none;box-sizing:border-box;-moz-box-sizing:border-box;-webkit-box-sizing:border-box;\"\n\t\t\t\t\t\t\t>Aktu\u00e1lny program \n\t\t\t\t\t\t\t<\/rs-layer><!--\n-->\t\t\t\t\t\t<\/rs-slide>\n\t\t\t\t\t<\/rs-slides>\n\t\t\t\t<\/rs-module>\n\t\t\t\t<script>\n\t\t\t\t\tsetREVStartSize({c: 'rev_slider_4_1',rl:[1240,1024,778,480],el:[650,650,450,400],gw:[1240,1024,778,480],gh:[650,650,450,400],type:'standard',justify:'',layout:'fullwidth',mh:\"0\"});if (window.RS_MODULES!==undefined && window.RS_MODULES.modules!==undefined && window.RS_MODULES.modules[\"revslider41\"]!==undefined) {window.RS_MODULES.modules[\"revslider41\"].once = false;window.revapi4 = undefined;if (window.RS_MODULES.checkMinimal!==undefined) window.RS_MODULES.checkMinimal()}\n\t\t\t\t<\/script>\n\t\t\t<\/rs-module-wrap>\n\t\t\t<!-- END REVOLUTION SLIDER -->\n[\/vc_column][\/vc_row][vc_row full_width=&#8221;stretch_row&#8221; content_placement=&#8221;middle&#8221; first_background_color=&#8221;#f3f3f3&#8243; css=&#8221;.vc_custom_1654860649923{background-color: #ffffff !important;}&#8221;][vc_column][vc_row_inner css=&#8221;.vc_custom_1654860371572{margin-top: -80px !important;background-color: #ffffff !important;}&#8221; el_class=&#8221;inside-business&#8221;][vc_column_inner width=&#8221;1\/5&#8243;][vc_icon icon_fontawesome=&#8221;fas fa-university&#8221; color=&#8221;custom&#8221; size=&#8221;xl&#8221; align=&#8221;center&#8221; custom_color=&#8221;#cc4728&#8243; link=&#8221;url:https%3A%2F%2Fwww.hradsaris.sk%2Farcheopark-saris%2F|title:Archeopark%20Ve%C4%BEk%C3%BD%20%C5%A0ari%C5%A1&#8243;][vc_empty_space height=&#8221;15px&#8221;][vc_custom_heading text=&#8221;O Projekte&#8221; font_container=&#8221;tag:h2|font_size:15pt|text_align:center&#8221; use_theme_fonts=&#8221;yes&#8221; link=&#8221;url:https%3A%2F%2Fwww.hradsaris.sk%2Farcheopark-saris%2F|title:Ukon%C4%8Denie%20leta%20na%20hrade%20%C5%A0ari%C5%A1%20a%20piknik%20so%20%C5%A0t%C3%BArovcami%20%E2%80%93%20sobot%C5%88aj%C5%A1%C3%AD%20program&#8221;][vc_empty_space height=&#8221;15px&#8221;][\/vc_column_inner][vc_column_inner el_class=&#8221;uvod-podstranky&#8221; width=&#8221;1\/5&#8243; css=&#8221;.vc_custom_1654860668075{background-color: #ffffff !important;}&#8221;][vc_icon icon_fontawesome=&#8221;far fa-clock&#8221; color=&#8221;custom&#8221; size=&#8221;xl&#8221; align=&#8221;center&#8221; custom_color=&#8221;#cc4728&#8243;][vc_empty_space height=&#8221;15px&#8221;][vc_custom_heading text=&#8221;Otv\u00e1racie hodiny&#8221; font_container=&#8221;tag:h2|font_size:15pt|text_align:center&#8221; use_theme_fonts=&#8221;yes&#8221;][vc_empty_space height=&#8221;15px&#8221;][\/vc_column_inner][vc_column_inner width=&#8221;1\/5&#8243;][vc_icon icon_fontawesome=&#8221;fas fa-book-open&#8221; color=&#8221;custom&#8221; size=&#8221;xl&#8221; align=&#8221;center&#8221; custom_color=&#8221;#cc4728&#8243;][vc_empty_space height=&#8221;15px&#8221;][vc_custom_heading text=&#8221;Blog&#8221; font_container=&#8221;tag:h2|font_size:15pt|text_align:center&#8221; use_theme_fonts=&#8221;yes&#8221;][vc_empty_space height=&#8221;15px&#8221;][\/vc_column_inner][vc_column_inner width=&#8221;1\/5&#8243; css=&#8221;.vc_custom_1724734493264{background-color: #cc4728 !important;}&#8221;][vc_icon icon_fontawesome=&#8221;far fa-images&#8221; color=&#8221;custom&#8221; size=&#8221;xl&#8221; align=&#8221;center&#8221; custom_color=&#8221;#ffffff&#8221; link=&#8221;url:https%3A%2F%2Fwww.hradsaris.sk%2Farcheopark-galeria%2F|title:Archeopark%20gal%C3%A9ria&#8221;][vc_empty_space height=&#8221;15px&#8221;][vc_custom_heading text=&#8221;Gal\u00e9ria&#8221; font_container=&#8221;tag:h2|font_size:15pt|text_align:center|color:%23ffffff&#8221; use_theme_fonts=&#8221;yes&#8221; link=&#8221;url:https%3A%2F%2Fwww.hradsaris.sk%2Farcheopark-galeria%2F|title:Archeopark%20gal%C3%A9ria&#8221;][vc_empty_space height=&#8221;15px&#8221;][\/vc_column_inner][vc_column_inner width=&#8221;1\/5&#8243;][vc_icon icon_fontawesome=&#8221;far fa-address-book&#8221; color=&#8221;custom&#8221; size=&#8221;xl&#8221; align=&#8221;center&#8221; custom_color=&#8221;#cc4728&#8243;][vc_empty_space height=&#8221;15px&#8221;][vc_custom_heading text=&#8221;Kontakt&#8221; font_container=&#8221;tag:h2|font_size:15pt|text_align:center&#8221; use_theme_fonts=&#8221;yes&#8221;][vc_empty_space height=&#8221;15px&#8221;][\/vc_column_inner][\/vc_row_inner][\/vc_column][\/vc_row][vc_section][vc_row][vc_column][vc_empty_space height=&#8221;52px&#8221;][vc_custom_heading text=&#8221;Gal\u00e9ria projektu&#8221; font_container=&#8221;tag:h2|text_align:center&#8221;][\/vc_column][\/vc_row][vc_row][vc_column width=&#8221;1\/4&#8243;][vc_single_image image=&#8221;33097&#8243; img_size=&#8221;medium&#8221;][\/vc_column][vc_column width=&#8221;3\/4&#8243;][vc_column_text]<\/p>\n<div class=\"page\" title=\"Page 1\">\n<div class=\"layoutArea\">\n<div class=\"column\">\n<p><strong>Ciel\u030c projektu:<\/strong><br \/>\nOchrana a propaga\u0301cia kultu\u0301rneho dedic\u030cstva prostredni\u0301ctvom tvorby a s\u030ci\u0301renia novy\u0301ch kultu\u0301rnych a turisticky\u0301ch produktov<\/p>\n<\/div>\n<\/div>\n<\/div>\n<p>[\/vc_column_text][vc_row_inner][vc_column_inner]<div id=\"mpc_interactive_image-7469f3705a68d7a\" class=\"mpc-interactive_image mpc-init \"><img src=\"https:\/\/www.hradsaris.sk\/wp-content\/uploads\/2025\/04\/FL_Photography-0840_600x400.jpg\" width=\"600\" height=\"450\" alt=\"Image\" class=\"mpc-interactive_image__image\" \/><div class=\"mpc-interactive_image-wrap\"><div id=\"mpc_hotspot-18469f3705a68e7e\" class=\"mpc-hotspot mpc-init mpc-transition \"  data-position='[\"50\",\"50\"]'><i class=\"mpc-hotspot__icon mpc-transition  mpc-init mpc-icon-type--icon\"><\/i><\/div><\/div><\/div>[\/vc_column_inner][\/vc_row_inner][vc_tta_tabs][vc_tta_section title=&#8221;Archeopark \u2013 v\u0161eobecne fotky&#8221; tab_id=&#8221;1701972749025-a24cf619-5459&#8243;][vc_gallery type=&#8221;image_grid&#8221; images=&#8221;33578,33284,33189,33579,33576,33276,33575,33577,33282,33283,33281,33289,33187,33188,33286,33279,33185,33285,33186,33290,33258&#8243; img_size=&#8221;50&#215;50&#8243; onclick=&#8221;&#8221;][\/vc_tta_section][vc_tta_section title=&#8221;Realiz\u00e1cia stavby&#8221; tab_id=&#8221;1701972749067-eb812d33-a9e7&#8243;][vc_gallery type=&#8221;image_grid&#8221; images=&#8221;33300,33299,33301,33302,33303,33297,33298,33292,33293,33294,33295,33296&#8243; img_size=&#8221;300&#215;300&#8243;][\/vc_tta_section][vc_tta_section title=&#8221;Soch\u00e1rske symp\u00f3zium 2023&#8243; tab_id=&#8221;1724837762991-24dcc56a-e901&#8243;][vc_gallery type=&#8221;image_grid&#8221; images=&#8221;33338,33339,33342,33343,33344,33345,33346,33347,33348,33349,33350,33351,33352,33353,33354,33355&#8243; img_size=&#8221;300&#215;300&#8243;][\/vc_tta_section][vc_tta_section title=&#8221;Z\u00e1vere\u010dn\u00e1 konferencia a Otvorenie Archeoparku 2023&#8243; tab_id=&#8221;1701972892815-75873931-cd94&#8243;][vc_gallery type=&#8221;image_grid&#8221; images=&#8221;33321,33336,33104,33332,33334,33331,33323,33306,33307,33308,33309,33310,33311,33312,33313,33314,33315,33316,33275,33317,33318,33320,33322,33324,33326,33327,33328,33329,33330,33103,33304,33305,33319&#8243; img_size=&#8221;300&#215;300&#8243;][\/vc_tta_section][vc_tta_section title=&#8221;Podujatie v Archeoparku &#8211; Medov\u00e1 nede\u013ea 2024&#8243; tab_id=&#8221;1701972922576-fe9c8b47-5fc8&#8243;][vc_gallery type=&#8221;image_grid&#8221; images=&#8221;33515,33504,33505,33506,33507,33508,33509,33513,33514,33516,33517,33518&#8243; img_size=&#8221;medium&#8221;][\/vc_tta_section][vc_tta_section add_icon=&#8221;true&#8221; title=&#8221;Podujatie v Archeoparku &#8211; De\u0148 keramiky 2024&#8243; tab_id=&#8221;1740986326376-43fc4398-5331&#8243;][vc_gallery type=&#8221;image_grid&#8221; images=&#8221;33536,33523,33535,33533,33525,33527,33529,33537,33538,33534,33530&#8243; img_size=&#8221;medium&#8221;][\/vc_tta_section][vc_tta_section title=&#8221;Stredovek\u00fd de\u0148 v Archeoparku 2025&#8243; tab_id=&#8221;1770373305283-6d03060d-ded9&#8243;][vc_gallery type=&#8221;image_grid&#8221; images=&#8221;33701,33702,33707,33709,33711&#8243; img_size=&#8221;300&#215;300&#8243;][\/vc_tta_section][vc_tta_section title=&#8221;Levandu\u013eov\u00fd a Medov\u00fd trh v Archeoparku 2025&#8243; tab_id=&#8221;1770373389720-0fbe19ed-cc0a&#8221;][vc_gallery type=&#8221;image_grid&#8221; images=&#8221;33700,33699,33691,33692,33702&#8243; img_size=&#8221;300&#215;300&#8243; title=&#8221;Archeopark &#8211; Stredoveky de\u0148 v Archeoparku&#8221;][\/vc_tta_section][\/vc_tta_tabs][\/vc_column][\/vc_row][\/vc_section]<\/p>\n","protected":false},"excerpt":{"rendered":"<p>[vc_row full_width=&#8221;stretch_row&#8221; enable_first_overlay=&#8221;true&#8221; first_overlay_opacity=&#8221;100&#8243; first_background_color=&#8221;#f3f3f3&#8243;][vc_column] ARCHEOPARK VE\u013dK\u00dd \u0160ARI\u0160 kult\u00farne dedi\u010dstvo. umenie. remeslo. Aktu\u00e1lny program [\/vc_column][\/vc_row][vc_row full_width=&#8221;stretch_row&#8221; content_placement=&#8221;middle&#8221; first_background_color=&#8221;#f3f3f3&#8243; css=&#8221;.vc_custom_1654860649923{background-color: #ffffff !important;}&#8221;][vc_column][vc_row_inner css=&#8221;.vc_custom_1654860371572{margin-top: -80px !important;background-color: #ffffff !important;}&#8221; el_class=&#8221;inside-business&#8221;][vc_column_inner width=&#8221;1\/5&#8243;][vc_icon icon_fontawesome=&#8221;fas fa-university&#8221;<\/p>\n","protected":false},"author":1,"featured_media":0,"parent":0,"menu_order":0,"comment_status":"closed","ping_status":"closed","template":"","meta":{"inline_featured_image":false,"_monsterinsights_skip_tracking":false,"_monsterinsights_sitenote_active":false,"_monsterinsights_sitenote_note":"","_monsterinsights_sitenote_category":0,"footnotes":""},"yoast_head":"<!-- This site is optimized with the Yoast SEO plugin v22.6 - https:\/\/yoast.com\/wordpress\/plugins\/seo\/ -->\n<title>Archeopark gal\u00e9ria<\/title>\n<meta name=\"description\" content=\"V\u00edta v\u00e1s str\u00e1nka archeoparku \u0160ari\u0161.\" \/>\n<meta name=\"robots\" content=\"index, follow, max-snippet:-1, max-image-preview:large, max-video-preview:-1\" \/>\n<link rel=\"canonical\" href=\"https:\/\/www.hradsaris.sk\/archeopark-galeria\/\" \/>\n<meta property=\"og:locale\" content=\"en_GB\" \/>\n<meta property=\"og:type\" content=\"article\" \/>\n<meta property=\"og:title\" content=\"Archeopark gal\u00e9ria\" \/>\n<meta property=\"og:description\" content=\"V\u00edta v\u00e1s str\u00e1nka archeoparku \u0160ari\u0161.\" \/>\n<meta property=\"og:url\" content=\"https:\/\/www.hradsaris.sk\/archeopark-galeria\/\" \/>\n<meta property=\"og:site_name\" content=\"Hrad \u0160ari\u0161\" \/>\n<meta property=\"article:modified_time\" content=\"2026-02-06T12:34:48+00:00\" \/>\n<meta name=\"twitter:card\" content=\"summary_large_image\" \/>\n<meta name=\"twitter:label1\" content=\"Estimated reading time\" \/>\n\t<meta name=\"twitter:data1\" content=\"2 minutes\" \/>\n<script type=\"application\/ld+json\" class=\"yoast-schema-graph\">{\"@context\":\"https:\/\/schema.org\",\"@graph\":[{\"@type\":\"WebPage\",\"@id\":\"https:\/\/www.hradsaris.sk\/archeopark-galeria\/\",\"url\":\"https:\/\/www.hradsaris.sk\/archeopark-galeria\/\",\"name\":\"Archeopark gal\u00e9ria - Hrad \u0160ari\u0161\",\"isPartOf\":{\"@id\":\"https:\/\/www.hradsaris.sk\/#website\"},\"datePublished\":\"2024-08-27T04:53:09+00:00\",\"dateModified\":\"2026-02-06T12:34:48+00:00\",\"description\":\"V\u00edta v\u00e1s str\u00e1nka archeoparku \u0160ari\u0161.\",\"breadcrumb\":{\"@id\":\"https:\/\/www.hradsaris.sk\/archeopark-galeria\/#breadcrumb\"},\"inLanguage\":\"en-GB\",\"potentialAction\":[{\"@type\":\"ReadAction\",\"target\":[\"https:\/\/www.hradsaris.sk\/archeopark-galeria\/\"]}]},{\"@type\":\"BreadcrumbList\",\"@id\":\"https:\/\/www.hradsaris.sk\/archeopark-galeria\/#breadcrumb\",\"itemListElement\":[{\"@type\":\"ListItem\",\"position\":1,\"name\":\"Home\",\"item\":\"https:\/\/www.hradsaris.sk\/\"},{\"@type\":\"ListItem\",\"position\":2,\"name\":\"Archeopark gal\u00e9ria\"}]},{\"@type\":\"WebSite\",\"@id\":\"https:\/\/www.hradsaris.sk\/#website\",\"url\":\"https:\/\/www.hradsaris.sk\/\",\"name\":\"Hrad \u0160ari\u0161\",\"description\":\"Historick\u00e9 srdce \u0160ari\u0161a\",\"potentialAction\":[{\"@type\":\"SearchAction\",\"target\":{\"@type\":\"EntryPoint\",\"urlTemplate\":\"https:\/\/www.hradsaris.sk\/?s={search_term_string}\"},\"query-input\":\"required name=search_term_string\"}],\"inLanguage\":\"en-GB\"}]}<\/script>\n<!-- \/ Yoast SEO plugin. -->","yoast_head_json":{"title":"Archeopark gal\u00e9ria","description":"V\u00edta v\u00e1s str\u00e1nka archeoparku \u0160ari\u0161.","robots":{"index":"index","follow":"follow","max-snippet":"max-snippet:-1","max-image-preview":"max-image-preview:large","max-video-preview":"max-video-preview:-1"},"canonical":"https:\/\/www.hradsaris.sk\/archeopark-galeria\/","og_locale":"en_GB","og_type":"article","og_title":"Archeopark gal\u00e9ria","og_description":"V\u00edta v\u00e1s str\u00e1nka archeoparku \u0160ari\u0161.","og_url":"https:\/\/www.hradsaris.sk\/archeopark-galeria\/","og_site_name":"Hrad \u0160ari\u0161","article_modified_time":"2026-02-06T12:34:48+00:00","twitter_card":"summary_large_image","twitter_misc":{"Estimated reading time":"2 minutes"},"schema":{"@context":"https:\/\/schema.org","@graph":[{"@type":"WebPage","@id":"https:\/\/www.hradsaris.sk\/archeopark-galeria\/","url":"https:\/\/www.hradsaris.sk\/archeopark-galeria\/","name":"Archeopark gal\u00e9ria - Hrad \u0160ari\u0161","isPartOf":{"@id":"https:\/\/www.hradsaris.sk\/#website"},"datePublished":"2024-08-27T04:53:09+00:00","dateModified":"2026-02-06T12:34:48+00:00","description":"V\u00edta v\u00e1s str\u00e1nka archeoparku \u0160ari\u0161.","breadcrumb":{"@id":"https:\/\/www.hradsaris.sk\/archeopark-galeria\/#breadcrumb"},"inLanguage":"en-GB","potentialAction":[{"@type":"ReadAction","target":["https:\/\/www.hradsaris.sk\/archeopark-galeria\/"]}]},{"@type":"BreadcrumbList","@id":"https:\/\/www.hradsaris.sk\/archeopark-galeria\/#breadcrumb","itemListElement":[{"@type":"ListItem","position":1,"name":"Home","item":"https:\/\/www.hradsaris.sk\/"},{"@type":"ListItem","position":2,"name":"Archeopark gal\u00e9ria"}]},{"@type":"WebSite","@id":"https:\/\/www.hradsaris.sk\/#website","url":"https:\/\/www.hradsaris.sk\/","name":"Hrad \u0160ari\u0161","description":"Historick\u00e9 srdce \u0160ari\u0161a","potentialAction":[{"@type":"SearchAction","target":{"@type":"EntryPoint","urlTemplate":"https:\/\/www.hradsaris.sk\/?s={search_term_string}"},"query-input":"required name=search_term_string"}],"inLanguage":"en-GB"}]}},"_links":{"self":[{"href":"https:\/\/www.hradsaris.sk\/wp-json\/wp\/v2\/pages\/33261"}],"collection":[{"href":"https:\/\/www.hradsaris.sk\/wp-json\/wp\/v2\/pages"}],"about":[{"href":"https:\/\/www.hradsaris.sk\/wp-json\/wp\/v2\/types\/page"}],"author":[{"embeddable":true,"href":"https:\/\/www.hradsaris.sk\/wp-json\/wp\/v2\/users\/1"}],"replies":[{"embeddable":true,"href":"https:\/\/www.hradsaris.sk\/wp-json\/wp\/v2\/comments?post=33261"}],"version-history":[{"count":6,"href":"https:\/\/www.hradsaris.sk\/wp-json\/wp\/v2\/pages\/33261\/revisions"}],"predecessor-version":[{"id":33718,"href":"https:\/\/www.hradsaris.sk\/wp-json\/wp\/v2\/pages\/33261\/revisions\/33718"}],"wp:attachment":[{"href":"https:\/\/www.hradsaris.sk\/wp-json\/wp\/v2\/media?parent=33261"}],"curies":[{"name":"wp","href":"https:\/\/api.w.org\/{rel}","templated":true}]}}