{"id":32702,"date":"2022-08-11T13:08:52","date_gmt":"2022-08-11T13:08:52","guid":{"rendered":"https:\/\/www.hradsaris.sk\/?page_id=32702"},"modified":"2022-08-11T13:08:52","modified_gmt":"2022-08-11T13:08:52","slug":"vyzbroj-hradu","status":"publish","type":"page","link":"https:\/\/www.hradsaris.sk\/vyzbroj-hradu\/","title":{"rendered":"V\u00fdzbroj hradu"},"content":{"rendered":"<p>[vc_section][vc_row][vc_column width=&#8221;1\/3&#8243;][\/vc_column][vc_column width=&#8221;1\/3&#8243;]<a href=\"https:\/\/www.hradsaris.sk\/vyzbroj-inventar\/\" title=\"Hist\u00f3ria\"  data-id=\"mpc_button-6869f3705a6862a\" class=\"mpc-button mpc-init mpc-transition mpc-display--block \" ><div class=\"mpc-button__content mpc-effect-type--stay mpc-effect-side--left\"><i class=\"mpc-button__icon mpc-transition  fa fa-arrow-left\"><\/i><span class=\"mpc-button__title mpc-transition\">Sp\u00e4\u0165 na str\u00e1nku v\u00fdzbroj a invent\u00e1r hradu<\/span><\/div><div class=\"mpc-button__background mpc-transition mpc-effect-type--fade mpc-effect-side--in\"><\/div><\/a>[\/vc_column][vc_column width=&#8221;1\/3&#8243;][\/vc_column][\/vc_row][\/vc_section][vc_section][vc_row][vc_column width=&#8221;1\/6&#8243;][\/vc_column][vc_column width=&#8221;2\/3&#8243;][vc_single_image image=&#8221;32695&#8243; img_size=&#8221;large&#8221; alignment=&#8221;center&#8221;][vc_empty_space height=&#8221;22px&#8221;][vc_custom_heading text=&#8221;V\u00fdzbroj hradu&#8221; font_container=&#8221;tag:h2|text_align:center|color:%23303030&#8243;][vc_empty_space height=&#8221;22px&#8221;][vc_column_text]Hrad bol hlavne vojensk\u00fd obrann\u00fd priestor, preto pos\u00e1dka musela by\u0165 poriadne vyzbrojen\u00e1, aby obliehaniu dok\u00e1zala odol\u00e1va\u0165. Na hrade boli r\u00f4zne zbrane: ku\u0161e, luky, halapartne, k\u00f3pie, me\u010de, sekery, mlaty, remdiky. Z dob\u00fdvac\u00edch strojov katapulty, nesk\u00f4r trebuchety, baranidl\u00e1, kamenn\u00e9 gule. Po\u010detn\u00e1 vojensk\u00e1 pos\u00e1dka mala okrem osobn\u00fdch zbran\u00ed vo v\u00fdzbroji, pod\u013ea hradn\u00e9ho invent\u00e1ra z roku 1557 aj: 1 ve\u013ek\u00fd kan\u00f3n Feuerbixen, 1 kan\u00f3n Strajbichen, 11 ma\u017eiarov, 1 hradn\u00fa pu\u0161ku, 1 ma\u017eiar na ohniv\u00e9 gule, 84 dobr\u00fdch a 10 star\u00fdch hradn\u00fdch h\u00fafnic, 20 ohniv\u00fdch g\u00fa\u013e, 3687 ma\u017eiarov\u00fdch g\u00fa\u013e, 18427 g\u00fa\u013e do h\u00fafnic, 68,5 centov olova, 104 centov a 5,5 funta pu\u0161n\u00e9ho prachu pre kan\u00f3ny, 20 funtov pre h\u00fafnice, 26,5 centa pre ru\u010dn\u00e9 pu\u0161ky, 41 centov a 5 funtov liadku, 28 centov a 28 funtov s\u00edry, 5 centov smoly, 2 okovy terpentum a nieko\u013eko men\u0161\u00edch vojensk\u00fdch strojov (balisty, katapulty a\u00a0pod.).<\/p>\n<p>Hrad mal<span class=\"Apple-converted-space\">\u00a0 <\/span>aj svoje osadenstvo, ktor\u00e9 tvorili: hradn\u00fd kapit\u00e1n, 102 vojakov, 2 pu\u0161k\u00e1ri, 1 kov\u00e1\u010d, 1 dr\u00e1b, 1 hospod\u00e1rsky spr\u00e1vca, 4 kuchynsk\u00ed pomocn\u00edci, 1 \u00fa\u010dtovn\u00edk, potravinov\u00fd komis\u00e1r a jeho 2 pomocn\u00edci a mnoho \u010fal\u0161\u00edch. Z remeseln\u00edkov to boli: zbrojmajster, kov\u00e1\u010d, kol\u00e1r, hrn\u010diar, sedl\u00e1r a\u00a0\u010fal\u0161\u00ed.<\/p>\n<p>Ich ro\u010dn\u00fd \u017eold presahoval 6336 zlat\u00fdch (kapit\u00e1n 400 zl., vojak 4,76 zl., pe\u0161iak 3,4 zl., jazdec 5,4 zl.).[\/vc_column_text][\/vc_column][vc_column width=&#8221;1\/6&#8243;][\/vc_column][\/vc_row][\/vc_section]<\/p>\n","protected":false},"excerpt":{"rendered":"<p>[vc_section][vc_row][vc_column width=&#8221;1\/3&#8243;][\/vc_column][vc_column width=&#8221;1\/3&#8243;]Sp\u00e4\u0165 na str\u00e1nku v\u00fdzbroj a invent\u00e1r hradu[\/vc_column][vc_column width=&#8221;1\/3&#8243;][\/vc_column][\/vc_row][\/vc_section][vc_section][vc_row][vc_column width=&#8221;1\/6&#8243;][\/vc_column][vc_column width=&#8221;2\/3&#8243;][vc_single_image image=&#8221;32695&#8243; img_size=&#8221;large&#8221; alignment=&#8221;center&#8221;][vc_empty_space height=&#8221;22px&#8221;][vc_custom_heading text=&#8221;V\u00fdzbroj hradu&#8221; font_container=&#8221;tag:h2|text_align:center|color:%23303030&#8243;][vc_empty_space height=&#8221;22px&#8221;][vc_column_text]Hrad bol hlavne vojensk\u00fd obrann\u00fd priestor, preto pos\u00e1dka musela by\u0165 poriadne<\/p>\n","protected":false},"author":1,"featured_media":0,"parent":0,"menu_order":0,"comment_status":"closed","ping_status":"closed","template":"","meta":{"inline_featured_image":false,"_monsterinsights_skip_tracking":false,"_monsterinsights_sitenote_active":false,"_monsterinsights_sitenote_note":"","_monsterinsights_sitenote_category":0,"footnotes":""},"yoast_head":"<!-- This site is optimized with the Yoast SEO plugin v22.6 - https:\/\/yoast.com\/wordpress\/plugins\/seo\/ -->\n<title>V\u00fdzbroj hradu<\/title>\n<meta name=\"description\" content=\"Trag\u00e9dia o boji medzi dobrom a zlom, oddanosti a l\u00e1ske. Hrad \u0160ari\u0161 je domovom legendy o Al\u017ebetke, po ktorej nesie meno jedna z hradn\u00fdch ve\u017e\u00ed.\" \/>\n<meta name=\"robots\" content=\"index, follow, max-snippet:-1, max-image-preview:large, max-video-preview:-1\" \/>\n<link rel=\"canonical\" href=\"https:\/\/www.hradsaris.sk\/vyzbroj-hradu\/\" \/>\n<meta property=\"og:locale\" content=\"en_GB\" \/>\n<meta property=\"og:type\" content=\"article\" \/>\n<meta property=\"og:title\" content=\"V\u00fdzbroj hradu\" \/>\n<meta property=\"og:description\" content=\"Trag\u00e9dia o boji medzi dobrom a zlom, oddanosti a l\u00e1ske. Hrad \u0160ari\u0161 je domovom legendy o Al\u017ebetke, po ktorej nesie meno jedna z hradn\u00fdch ve\u017e\u00ed.\" \/>\n<meta property=\"og:url\" content=\"https:\/\/www.hradsaris.sk\/vyzbroj-hradu\/\" \/>\n<meta property=\"og:site_name\" content=\"Hrad \u0160ari\u0161\" \/>\n<meta name=\"twitter:card\" content=\"summary_large_image\" \/>\n<meta name=\"twitter:label1\" content=\"Estimated reading time\" \/>\n\t<meta name=\"twitter:data1\" content=\"2 minutes\" \/>\n<script type=\"application\/ld+json\" class=\"yoast-schema-graph\">{\"@context\":\"https:\/\/schema.org\",\"@graph\":[{\"@type\":\"WebPage\",\"@id\":\"https:\/\/www.hradsaris.sk\/vyzbroj-hradu\/\",\"url\":\"https:\/\/www.hradsaris.sk\/vyzbroj-hradu\/\",\"name\":\"V\u00fdzbroj hradu - Hrad \u0160ari\u0161\",\"isPartOf\":{\"@id\":\"https:\/\/www.hradsaris.sk\/#website\"},\"datePublished\":\"2022-08-11T13:08:52+00:00\",\"dateModified\":\"2022-08-11T13:08:52+00:00\",\"description\":\"Trag\u00e9dia o boji medzi dobrom a zlom, oddanosti a l\u00e1ske. Hrad \u0160ari\u0161 je domovom legendy o Al\u017ebetke, po ktorej nesie meno jedna z hradn\u00fdch ve\u017e\u00ed.\",\"breadcrumb\":{\"@id\":\"https:\/\/www.hradsaris.sk\/vyzbroj-hradu\/#breadcrumb\"},\"inLanguage\":\"en-GB\",\"potentialAction\":[{\"@type\":\"ReadAction\",\"target\":[\"https:\/\/www.hradsaris.sk\/vyzbroj-hradu\/\"]}]},{\"@type\":\"BreadcrumbList\",\"@id\":\"https:\/\/www.hradsaris.sk\/vyzbroj-hradu\/#breadcrumb\",\"itemListElement\":[{\"@type\":\"ListItem\",\"position\":1,\"name\":\"Home\",\"item\":\"https:\/\/www.hradsaris.sk\/\"},{\"@type\":\"ListItem\",\"position\":2,\"name\":\"V\u00fdzbroj hradu\"}]},{\"@type\":\"WebSite\",\"@id\":\"https:\/\/www.hradsaris.sk\/#website\",\"url\":\"https:\/\/www.hradsaris.sk\/\",\"name\":\"Hrad \u0160ari\u0161\",\"description\":\"Historick\u00e9 srdce \u0160ari\u0161a\",\"potentialAction\":[{\"@type\":\"SearchAction\",\"target\":{\"@type\":\"EntryPoint\",\"urlTemplate\":\"https:\/\/www.hradsaris.sk\/?s={search_term_string}\"},\"query-input\":\"required name=search_term_string\"}],\"inLanguage\":\"en-GB\"}]}<\/script>\n<!-- \/ Yoast SEO plugin. -->","yoast_head_json":{"title":"V\u00fdzbroj hradu","description":"Trag\u00e9dia o boji medzi dobrom a zlom, oddanosti a l\u00e1ske. Hrad \u0160ari\u0161 je domovom legendy o Al\u017ebetke, po ktorej nesie meno jedna z hradn\u00fdch ve\u017e\u00ed.","robots":{"index":"index","follow":"follow","max-snippet":"max-snippet:-1","max-image-preview":"max-image-preview:large","max-video-preview":"max-video-preview:-1"},"canonical":"https:\/\/www.hradsaris.sk\/vyzbroj-hradu\/","og_locale":"en_GB","og_type":"article","og_title":"V\u00fdzbroj hradu","og_description":"Trag\u00e9dia o boji medzi dobrom a zlom, oddanosti a l\u00e1ske. Hrad \u0160ari\u0161 je domovom legendy o Al\u017ebetke, po ktorej nesie meno jedna z hradn\u00fdch ve\u017e\u00ed.","og_url":"https:\/\/www.hradsaris.sk\/vyzbroj-hradu\/","og_site_name":"Hrad \u0160ari\u0161","twitter_card":"summary_large_image","twitter_misc":{"Estimated reading time":"2 minutes"},"schema":{"@context":"https:\/\/schema.org","@graph":[{"@type":"WebPage","@id":"https:\/\/www.hradsaris.sk\/vyzbroj-hradu\/","url":"https:\/\/www.hradsaris.sk\/vyzbroj-hradu\/","name":"V\u00fdzbroj hradu - Hrad \u0160ari\u0161","isPartOf":{"@id":"https:\/\/www.hradsaris.sk\/#website"},"datePublished":"2022-08-11T13:08:52+00:00","dateModified":"2022-08-11T13:08:52+00:00","description":"Trag\u00e9dia o boji medzi dobrom a zlom, oddanosti a l\u00e1ske. Hrad \u0160ari\u0161 je domovom legendy o Al\u017ebetke, po ktorej nesie meno jedna z hradn\u00fdch ve\u017e\u00ed.","breadcrumb":{"@id":"https:\/\/www.hradsaris.sk\/vyzbroj-hradu\/#breadcrumb"},"inLanguage":"en-GB","potentialAction":[{"@type":"ReadAction","target":["https:\/\/www.hradsaris.sk\/vyzbroj-hradu\/"]}]},{"@type":"BreadcrumbList","@id":"https:\/\/www.hradsaris.sk\/vyzbroj-hradu\/#breadcrumb","itemListElement":[{"@type":"ListItem","position":1,"name":"Home","item":"https:\/\/www.hradsaris.sk\/"},{"@type":"ListItem","position":2,"name":"V\u00fdzbroj hradu"}]},{"@type":"WebSite","@id":"https:\/\/www.hradsaris.sk\/#website","url":"https:\/\/www.hradsaris.sk\/","name":"Hrad \u0160ari\u0161","description":"Historick\u00e9 srdce \u0160ari\u0161a","potentialAction":[{"@type":"SearchAction","target":{"@type":"EntryPoint","urlTemplate":"https:\/\/www.hradsaris.sk\/?s={search_term_string}"},"query-input":"required name=search_term_string"}],"inLanguage":"en-GB"}]}},"_links":{"self":[{"href":"https:\/\/www.hradsaris.sk\/wp-json\/wp\/v2\/pages\/32702"}],"collection":[{"href":"https:\/\/www.hradsaris.sk\/wp-json\/wp\/v2\/pages"}],"about":[{"href":"https:\/\/www.hradsaris.sk\/wp-json\/wp\/v2\/types\/page"}],"author":[{"embeddable":true,"href":"https:\/\/www.hradsaris.sk\/wp-json\/wp\/v2\/users\/1"}],"replies":[{"embeddable":true,"href":"https:\/\/www.hradsaris.sk\/wp-json\/wp\/v2\/comments?post=32702"}],"version-history":[{"count":1,"href":"https:\/\/www.hradsaris.sk\/wp-json\/wp\/v2\/pages\/32702\/revisions"}],"predecessor-version":[{"id":32703,"href":"https:\/\/www.hradsaris.sk\/wp-json\/wp\/v2\/pages\/32702\/revisions\/32703"}],"wp:attachment":[{"href":"https:\/\/www.hradsaris.sk\/wp-json\/wp\/v2\/media?parent=32702"}],"curies":[{"name":"wp","href":"https:\/\/api.w.org\/{rel}","templated":true}]}}