{"id":32573,"date":"2022-08-01T12:27:18","date_gmt":"2022-08-01T12:27:18","guid":{"rendered":"https:\/\/www.hradsaris.sk\/?page_id=32573"},"modified":"2022-09-12T10:18:24","modified_gmt":"2022-09-12T10:18:24","slug":"partneri-hradu-saris","status":"publish","type":"page","link":"https:\/\/www.hradsaris.sk\/partneri-hradu-saris\/","title":{"rendered":"Partneri hradu \u0160ari\u0161"},"content":{"rendered":"<p>[vc_row full_width=&#8221;stretch_row&#8221; content_placement=&#8221;middle&#8221; first_background_color=&#8221;#f3f3f3&#8243; css=&#8221;.vc_custom_1654860649923{background-color: #ffffff !important;}&#8221;][vc_column][vc_row_inner equal_height=&#8221;yes&#8221; css=&#8221;.vc_custom_1662977823536{margin-top: -80px !important;background-color: #ffffff !important;}&#8221; el_class=&#8221;inside-business&#8221;][vc_column_inner el_class=&#8221;uvod-podstranky&#8221; width=&#8221;1\/6&#8243; css=&#8221;.vc_custom_1662977828927{background-color: #ffffff !important;}&#8221; offset=&#8221;vc_col-xs-6&#8243;][vc_icon icon_fontawesome=&#8221;far fa-clock&#8221; color=&#8221;custom&#8221; size=&#8221;xl&#8221; align=&#8221;center&#8221; custom_color=&#8221;#ef7204&#8243; link=&#8221;url:https%3A%2F%2Fwww.hradsaris.sk%2Fotvaracia-doba%2F|title:Otv%C3%A1racia%20doba&#8221;][vc_empty_space height=&#8221;15px&#8221;][vc_custom_heading text=&#8221;Otv\u00e1racie hodiny&#8221; font_container=&#8221;tag:h2|font_size:15pt|text_align:center&#8221; use_theme_fonts=&#8221;yes&#8221; link=&#8221;url:https%3A%2F%2Fwww.hradsaris.sk%2Fotvaracia-doba%2F|title:Otv%C3%A1racia%20doba&#8221;][vc_empty_space height=&#8221;15px&#8221;][\/vc_column_inner][vc_column_inner width=&#8221;1\/6&#8243; offset=&#8221;vc_col-xs-6&#8243;][vc_icon icon_fontawesome=&#8221;fas fa-ticket-alt&#8221; color=&#8221;custom&#8221; size=&#8221;xl&#8221; align=&#8221;center&#8221; custom_color=&#8221;#ef7204&#8243; link=&#8221;url:https%3A%2F%2Fwww.hradsaris.sk%2Fvstupne%2F|title:Otv%C3%A1racia%20doba&#8221;][vc_empty_space height=&#8221;15px&#8221;][vc_custom_heading text=&#8221;Vstupenky&#8221; font_container=&#8221;tag:h2|font_size:15pt|text_align:center&#8221; use_theme_fonts=&#8221;yes&#8221;][vc_empty_space height=&#8221;15px&#8221;][\/vc_column_inner][vc_column_inner width=&#8221;1\/6&#8243; offset=&#8221;vc_col-xs-6&#8243;][vc_icon icon_fontawesome=&#8221;fas fa-university&#8221; color=&#8221;custom&#8221; size=&#8221;xl&#8221; align=&#8221;center&#8221; custom_color=&#8221;#ef7204&#8243; link=&#8221;url:https%3A%2F%2Fwww.hradsaris.sk%2Fsprievodcovska-sluzba%2F|title:Sprievodcovsk%C3%A1%20slu%C5%BEba&#8221;][vc_empty_space height=&#8221;15px&#8221;][vc_custom_heading text=&#8221;Sprievodcovsk\u00e9 slu\u017eby&#8221; font_container=&#8221;tag:h2|font_size:15pt|text_align:center&#8221; use_theme_fonts=&#8221;yes&#8221; link=&#8221;url:https%3A%2F%2Fwww.hradsaris.sk%2Fsprievodcovska-sluzba%2F|title:Sprievodcovsk%C3%A1%20slu%C5%BEba&#8221;][vc_empty_space height=&#8221;15px&#8221;][\/vc_column_inner][vc_column_inner width=&#8221;1\/6&#8243; offset=&#8221;vc_col-xs-6&#8243;][vc_icon icon_fontawesome=&#8221;fab fa-fort-awesome&#8221; color=&#8221;custom&#8221; size=&#8221;xl&#8221; align=&#8221;center&#8221; custom_color=&#8221;#ef7204&#8243; link=&#8221;url:https%3A%2F%2Fwww.hradsaris.sk%2Fhradne-objekty%2F|title:Hradn%C3%A9%20objekty&#8221;][vc_empty_space height=&#8221;15px&#8221;][vc_custom_heading text=&#8221;Hradn\u00e9 objekty&#8221; font_container=&#8221;tag:h2|font_size:15pt|text_align:center&#8221; use_theme_fonts=&#8221;yes&#8221; link=&#8221;url:https%3A%2F%2Fwww.hradsaris.sk%2Fhradne-objekty%2F|title:Sprievodcovsk%C3%A1%20slu%C5%BEba&#8221;][vc_empty_space height=&#8221;15px&#8221;][\/vc_column_inner][vc_column_inner width=&#8221;1\/6&#8243; offset=&#8221;vc_col-xs-6&#8243;][vc_icon icon_fontawesome=&#8221;fas fa-chess-knight&#8221; color=&#8221;custom&#8221; size=&#8221;xl&#8221; align=&#8221;center&#8221; custom_color=&#8221;#ef7204&#8243; link=&#8221;url:https%3A%2F%2Fwww.hradsaris.sk%2Fhradne-objekty%2F|title:Hradn%C3%A9%20objekty&#8221;][vc_empty_space height=&#8221;15px&#8221;][vc_custom_heading text=&#8221;Hist\u00f3ria&#8221; font_container=&#8221;tag:h2|font_size:15pt|text_align:center&#8221; use_theme_fonts=&#8221;yes&#8221;][vc_empty_space height=&#8221;15px&#8221;][\/vc_column_inner][vc_column_inner width=&#8221;1\/6&#8243; offset=&#8221;vc_col-xs-6&#8243;][vc_icon icon_fontawesome=&#8221;fas fa-theater-masks&#8221; color=&#8221;custom&#8221; size=&#8221;xl&#8221; align=&#8221;center&#8221; custom_color=&#8221;#ef7204&#8243;][vc_empty_space height=&#8221;15px&#8221;][vc_custom_heading text=&#8221;Kult\u00fara&#8221; font_container=&#8221;tag:h2|font_size:15pt|text_align:center&#8221; use_theme_fonts=&#8221;yes&#8221;][vc_empty_space height=&#8221;15px&#8221;][\/vc_column_inner][\/vc_row_inner][\/vc_column][\/vc_row][vc_section][vc_row][vc_column][vc_custom_heading text=&#8221;Hrad \u0160ari\u0161 podporuj\u00fa :&#8221; font_container=&#8221;tag:h2|text_align:center&#8221;][vc_empty_space][vc_column_text]<\/p>\n<p style=\"text-align: center;\">Na obsahu podstr\u00e1nky pr\u00e1ve pracujeme.<\/p>\n<p>[\/vc_column_text][\/vc_column][\/vc_row][\/vc_section][vc_row full_width=&#8221;stretch_row_content&#8221; content_placement=&#8221;middle&#8221; first_background_color=&#8221;#f3f3f3&#8243; css=&#8221;.vc_custom_1654864657405{background-color: #ffffff !important;}&#8221;][vc_column][vc_empty_space height=&#8221;92px&#8221;][vc_row_inner equal_height=&#8221;yes&#8221; css=&#8221;.vc_custom_1662977781574{margin-top: -80px !important;background-color: #ffffff !important;}&#8221; el_class=&#8221;inside-business&#8221;][vc_column_inner el_class=&#8221;uvod-podstranky&#8221; width=&#8221;1\/6&#8243; css=&#8221;.vc_custom_1662977788284{background-color: #ffffff !important;}&#8221; offset=&#8221;vc_col-xs-6&#8243;][vc_icon icon_fontawesome=&#8221;fas fa-car&#8221; color=&#8221;custom&#8221; size=&#8221;lg&#8221; align=&#8221;center&#8221; custom_color=&#8221;#ef7204&#8243; link=&#8221;url:https%3A%2F%2Fwww.hradsaris.sk%2Fdostupnost%2F|title:Dostupnos%C5%A5&#8243;][vc_empty_space height=&#8221;15px&#8221;][vc_custom_heading text=&#8221;Dostupnos\u0165&#8221; font_container=&#8221;tag:h2|font_size:15pt|text_align:center&#8221; use_theme_fonts=&#8221;yes&#8221; link=&#8221;url:https%3A%2F%2Fwww.hradsaris.sk%2Fdostupnost%2F|title:Dostupnos%C5%A5&#8243;][vc_empty_space height=&#8221;15px&#8221;][\/vc_column_inner][vc_column_inner width=&#8221;1\/6&#8243; css=&#8221;.vc_custom_1662977793771{background-color: #ffffff !important;}&#8221; offset=&#8221;vc_col-xs-6&#8243;][vc_icon icon_fontawesome=&#8221;fas fa-leaf&#8221; color=&#8221;custom&#8221; size=&#8221;xl&#8221; align=&#8221;center&#8221; custom_color=&#8221;#ef7204&#8243; link=&#8221;url:https%3A%2F%2Fwww.hradsaris.sk%2Fochrana-prirody%2F|title:Ochrana%20pr%C3%ADrody&#8221;][vc_empty_space height=&#8221;15px&#8221;][vc_custom_heading text=&#8221;Ochrana pr\u00edrody&#8221; font_container=&#8221;tag:h2|font_size:15pt|text_align:center&#8221; use_theme_fonts=&#8221;yes&#8221; link=&#8221;url:https%3A%2F%2Fwww.hradsaris.sk%2Fochrana-prirody%2F|title:Ochrana%20pr%C3%ADrody&#8221;][vc_empty_space height=&#8221;15px&#8221;][\/vc_column_inner][vc_column_inner width=&#8221;1\/6&#8243; css=&#8221;.vc_custom_1662977798633{background-color: #ffffff !important;}&#8221; offset=&#8221;vc_col-xs-6&#8243;][vc_icon icon_fontawesome=&#8221;fas fa-mountain&#8221; color=&#8221;custom&#8221; size=&#8221;xl&#8221; align=&#8221;center&#8221; custom_color=&#8221;#ef7204&#8243; link=&#8221;url:https%3A%2F%2Fwww.hradsaris.sk%2Fhradny-vrch%2F|title:Hradn%C3%BD%20vrch&#8221;][vc_empty_space height=&#8221;15px&#8221;][vc_custom_heading text=&#8221;Hradn\u00fd vrch&#8221; font_container=&#8221;tag:h2|font_size:15pt|text_align:center&#8221; use_theme_fonts=&#8221;yes&#8221; link=&#8221;url:https%3A%2F%2Fwww.hradsaris.sk%2Fhradny-vrch%2F|title:Hradn%C3%BD%20vrch&#8221;][vc_empty_space height=&#8221;15px&#8221;][\/vc_column_inner][vc_column_inner width=&#8221;1\/6&#8243; css=&#8221;.vc_custom_1662977803740{background-color: #ffffff !important;}&#8221; offset=&#8221;vc_col-xs-6&#8243;][vc_icon icon_fontawesome=&#8221;fas fa-building&#8221; color=&#8221;custom&#8221; size=&#8221;xl&#8221; align=&#8221;center&#8221; link=&#8221;url:https%3A%2F%2Fwww.hradsaris.sk%2Fponuka-pre-firmy%2F|title:Ponuka%20pre%20firmy&#8221; custom_color=&#8221;#ef7204&#8243;][vc_empty_space height=&#8221;15px&#8221;][vc_custom_heading text=&#8221;Pre firmy&#8221; font_container=&#8221;tag:h2|font_size:15pt|text_align:center&#8221; use_theme_fonts=&#8221;yes&#8221; link=&#8221;url:https%3A%2F%2Fwww.hradsaris.sk%2Fponuka-pre-firmy%2F|title:Ponuka%20pre%20firmy&#8221;][vc_empty_space height=&#8221;15px&#8221;][\/vc_column_inner][vc_column_inner width=&#8221;1\/6&#8243; css=&#8221;.vc_custom_1662977809233{background-color: #ef7204 !important;}&#8221; offset=&#8221;vc_col-xs-6&#8243;][vc_icon icon_fontawesome=&#8221;fas fa-handshake&#8221; color=&#8221;custom&#8221; size=&#8221;xl&#8221; align=&#8221;center&#8221; custom_color=&#8221;#ffffff&#8221;][vc_empty_space height=&#8221;15px&#8221;][vc_custom_heading text=&#8221;Sta\u0148te sa partnerom&#8221; font_container=&#8221;tag:h2|font_size:15pt|text_align:center|color:%23ffffff&#8221; use_theme_fonts=&#8221;yes&#8221;][vc_empty_space height=&#8221;15px&#8221;][\/vc_column_inner][vc_column_inner width=&#8221;1\/6&#8243; offset=&#8221;vc_col-xs-6&#8243;][vc_icon icon_fontawesome=&#8221;fas fa-chess&#8221; color=&#8221;custom&#8221; size=&#8221;xl&#8221; align=&#8221;center&#8221; custom_color=&#8221;#ef7204&#8243; link=&#8221;url:https%3A%2F%2Fwww.hradsaris.sk%2Faktivity%2F|title:Aktivity&#8221;][vc_empty_space height=&#8221;15px&#8221;][vc_custom_heading text=&#8221;Aktivity na hrade&#8221; font_container=&#8221;tag:h2|font_size:15pt|text_align:center&#8221; use_theme_fonts=&#8221;yes&#8221; link=&#8221;url:https%3A%2F%2Fwww.hradsaris.sk%2Faktivity%2F|title:Aktivity&#8221;][vc_empty_space height=&#8221;15px&#8221;][\/vc_column_inner][\/vc_row_inner][\/vc_column][\/vc_row]<\/p>\n","protected":false},"excerpt":{"rendered":"<p>[vc_row full_width=&#8221;stretch_row&#8221; content_placement=&#8221;middle&#8221; first_background_color=&#8221;#f3f3f3&#8243; css=&#8221;.vc_custom_1654860649923{background-color: #ffffff !important;}&#8221;][vc_column][vc_row_inner equal_height=&#8221;yes&#8221; css=&#8221;.vc_custom_1662977823536{margin-top: -80px !important;background-color: #ffffff !important;}&#8221; el_class=&#8221;inside-business&#8221;][vc_column_inner el_class=&#8221;uvod-podstranky&#8221; width=&#8221;1\/6&#8243; css=&#8221;.vc_custom_1662977828927{background-color: #ffffff !important;}&#8221; offset=&#8221;vc_col-xs-6&#8243;][vc_icon icon_fontawesome=&#8221;far fa-clock&#8221; color=&#8221;custom&#8221; size=&#8221;xl&#8221; align=&#8221;center&#8221; custom_color=&#8221;#ef7204&#8243; link=&#8221;url:https%3A%2F%2Fwww.hradsaris.sk%2Fotvaracia-doba%2F|title:Otv%C3%A1racia%20doba&#8221;][vc_empty_space height=&#8221;15px&#8221;][vc_custom_heading text=&#8221;Otv\u00e1racie hodiny&#8221;<\/p>\n","protected":false},"author":1,"featured_media":0,"parent":0,"menu_order":0,"comment_status":"closed","ping_status":"closed","template":"","meta":{"inline_featured_image":false,"_monsterinsights_skip_tracking":false,"_monsterinsights_sitenote_active":false,"_monsterinsights_sitenote_note":"","_monsterinsights_sitenote_category":0,"footnotes":""},"yoast_head":"<!-- This site is optimized with the Yoast SEO plugin v22.6 - https:\/\/yoast.com\/wordpress\/plugins\/seo\/ -->\n<title>Partneri hradu \u0160ari\u0161<\/title>\n<meta name=\"description\" content=\"[vc_row full_width=&quot;stretch_row&quot; content_placement=&quot;middle&quot; first_background_color=&quot;#f3f3f3&quot; css=&quot;.vc_custom_1654860649923{background-color: #ffffff !important;}&quot;][vc_column][vc_row_inner equal_height=&quot;yes&quot; css=&quot;.vc_custom_1662977823536{margin-top: -80px !important;background-color: #ffffff !important;}&quot; el_class=&quot;inside-business&quot;][vc_column_inner el_class=&quot;uvod-podstranky&quot; width=&quot;1\/6&quot; css=&quot;.vc_custom_1662977828927{background-color: #ffffff !important;}&quot; offset=&quot;vc_col-xs-6&quot;][vc_icon icon_fontawesome=&quot;far fa-clock&quot; color=&quot;custom&quot; size=&quot;xl&quot; align=&quot;center&quot; custom_color=&quot;#ef7204&quot; link=&quot;url:https%3A%2F%2Fwww.hradsaris.sk%2Fotvaracia-doba%2F|title:Otv%C3%A1racia%20doba&quot;][vc_empty_space height=&quot;15px&quot;][vc_custom_heading text=&quot;Otv\u00e1racie hodiny&quot; font_container=&quot;tag:h2|font_size:15pt|text_align:center&quot; use_theme_fonts=&quot;yes&quot; link=&quot;url:https%3A%2F%2Fwww.hradsaris.sk%2Fotvaracia-doba%2F|title:Otv%C3%A1racia%20doba&quot;][vc_empty_space height=&quot;15px&quot;][\/vc_column_inner][vc_column_inner width=&quot;1\/6&quot; offset=&quot;vc_col-xs-6&quot;][vc_icon icon_fontawesome=&quot;fas fa-ticket-alt&quot; color=&quot;custom&quot; size=&quot;xl&quot; align=&quot;center&quot; custom_color=&quot;#ef7204&quot; link=&quot;url:https%3A%2F%2Fwww.hradsaris.sk%2Fvstupne%2F|title:Otv%C3%A1racia%20doba&quot;][vc_empty_space height=&quot;15px&quot;][vc_custom_heading text=&quot;Vstupenky&quot; font_container=&quot;tag:h2|font_size:15pt|text_align:center&quot; use_theme_fonts=&quot;yes&quot;][vc_empty_space height=&quot;15px&quot;][\/vc_column_inner][vc_column_inner width=&quot;1\/6&quot; offset=&quot;vc_col-xs-6&quot;][vc_icon icon_fontawesome=&quot;fas fa-university&quot; color=&quot;custom&quot; size=&quot;xl&quot; align=&quot;center&quot;&hellip;\" \/>\n<meta name=\"robots\" content=\"index, follow, max-snippet:-1, max-image-preview:large, max-video-preview:-1\" \/>\n<link rel=\"canonical\" href=\"https:\/\/www.hradsaris.sk\/partneri-hradu-saris\/\" \/>\n<meta property=\"og:locale\" content=\"en_GB\" \/>\n<meta property=\"og:type\" content=\"article\" \/>\n<meta property=\"og:title\" content=\"Partneri hradu \u0160ari\u0161\" \/>\n<meta property=\"og:description\" content=\"[vc_row full_width=&quot;stretch_row&quot; content_placement=&quot;middle&quot; first_background_color=&quot;#f3f3f3&quot; css=&quot;.vc_custom_1654860649923{background-color: #ffffff !important;}&quot;][vc_column][vc_row_inner equal_height=&quot;yes&quot; css=&quot;.vc_custom_1662977823536{margin-top: -80px !important;background-color: #ffffff !important;}&quot; el_class=&quot;inside-business&quot;][vc_column_inner el_class=&quot;uvod-podstranky&quot; width=&quot;1\/6&quot; css=&quot;.vc_custom_1662977828927{background-color: #ffffff !important;}&quot; offset=&quot;vc_col-xs-6&quot;][vc_icon icon_fontawesome=&quot;far fa-clock&quot; color=&quot;custom&quot; size=&quot;xl&quot; align=&quot;center&quot; custom_color=&quot;#ef7204&quot; link=&quot;url:https%3A%2F%2Fwww.hradsaris.sk%2Fotvaracia-doba%2F|title:Otv%C3%A1racia%20doba&quot;][vc_empty_space height=&quot;15px&quot;][vc_custom_heading text=&quot;Otv\u00e1racie hodiny&quot; font_container=&quot;tag:h2|font_size:15pt|text_align:center&quot; use_theme_fonts=&quot;yes&quot; link=&quot;url:https%3A%2F%2Fwww.hradsaris.sk%2Fotvaracia-doba%2F|title:Otv%C3%A1racia%20doba&quot;][vc_empty_space height=&quot;15px&quot;][\/vc_column_inner][vc_column_inner width=&quot;1\/6&quot; offset=&quot;vc_col-xs-6&quot;][vc_icon icon_fontawesome=&quot;fas fa-ticket-alt&quot; color=&quot;custom&quot; size=&quot;xl&quot; align=&quot;center&quot; custom_color=&quot;#ef7204&quot; link=&quot;url:https%3A%2F%2Fwww.hradsaris.sk%2Fvstupne%2F|title:Otv%C3%A1racia%20doba&quot;][vc_empty_space height=&quot;15px&quot;][vc_custom_heading text=&quot;Vstupenky&quot; font_container=&quot;tag:h2|font_size:15pt|text_align:center&quot; use_theme_fonts=&quot;yes&quot;][vc_empty_space height=&quot;15px&quot;][\/vc_column_inner][vc_column_inner width=&quot;1\/6&quot; offset=&quot;vc_col-xs-6&quot;][vc_icon icon_fontawesome=&quot;fas fa-university&quot; color=&quot;custom&quot; size=&quot;xl&quot; align=&quot;center&quot;&hellip;\" \/>\n<meta property=\"og:url\" content=\"https:\/\/www.hradsaris.sk\/partneri-hradu-saris\/\" \/>\n<meta property=\"og:site_name\" content=\"Hrad \u0160ari\u0161\" \/>\n<meta property=\"article:modified_time\" content=\"2022-09-12T10:18:24+00:00\" \/>\n<meta name=\"twitter:card\" content=\"summary_large_image\" \/>\n<meta name=\"twitter:label1\" content=\"Estimated reading time\" \/>\n\t<meta name=\"twitter:data1\" content=\"2 minutes\" \/>\n<script type=\"application\/ld+json\" class=\"yoast-schema-graph\">{\"@context\":\"https:\/\/schema.org\",\"@graph\":[{\"@type\":\"WebPage\",\"@id\":\"https:\/\/www.hradsaris.sk\/partneri-hradu-saris\/\",\"url\":\"https:\/\/www.hradsaris.sk\/partneri-hradu-saris\/\",\"name\":\"Partneri hradu \u0160ari\u0161 - Hrad \u0160ari\u0161\",\"isPartOf\":{\"@id\":\"https:\/\/www.hradsaris.sk\/#website\"},\"datePublished\":\"2022-08-01T12:27:18+00:00\",\"dateModified\":\"2022-09-12T10:18:24+00:00\",\"breadcrumb\":{\"@id\":\"https:\/\/www.hradsaris.sk\/partneri-hradu-saris\/#breadcrumb\"},\"inLanguage\":\"en-GB\",\"potentialAction\":[{\"@type\":\"ReadAction\",\"target\":[\"https:\/\/www.hradsaris.sk\/partneri-hradu-saris\/\"]}]},{\"@type\":\"BreadcrumbList\",\"@id\":\"https:\/\/www.hradsaris.sk\/partneri-hradu-saris\/#breadcrumb\",\"itemListElement\":[{\"@type\":\"ListItem\",\"position\":1,\"name\":\"Home\",\"item\":\"https:\/\/www.hradsaris.sk\/\"},{\"@type\":\"ListItem\",\"position\":2,\"name\":\"Partneri hradu \u0160ari\u0161\"}]},{\"@type\":\"WebSite\",\"@id\":\"https:\/\/www.hradsaris.sk\/#website\",\"url\":\"https:\/\/www.hradsaris.sk\/\",\"name\":\"Hrad \u0160ari\u0161\",\"description\":\"Historick\u00e9 srdce \u0160ari\u0161a\",\"potentialAction\":[{\"@type\":\"SearchAction\",\"target\":{\"@type\":\"EntryPoint\",\"urlTemplate\":\"https:\/\/www.hradsaris.sk\/?s={search_term_string}\"},\"query-input\":\"required name=search_term_string\"}],\"inLanguage\":\"en-GB\"}]}<\/script>\n<!-- \/ Yoast SEO plugin. -->","yoast_head_json":{"title":"Partneri hradu \u0160ari\u0161","description":"[vc_row full_width=\"stretch_row\" content_placement=\"middle\" first_background_color=\"#f3f3f3\" css=\".vc_custom_1654860649923{background-color: #ffffff !important;}\"][vc_column][vc_row_inner equal_height=\"yes\" css=\".vc_custom_1662977823536{margin-top: -80px !important;background-color: #ffffff !important;}\" el_class=\"inside-business\"][vc_column_inner el_class=\"uvod-podstranky\" width=\"1\/6\" css=\".vc_custom_1662977828927{background-color: #ffffff !important;}\" offset=\"vc_col-xs-6\"][vc_icon icon_fontawesome=\"far fa-clock\" color=\"custom\" size=\"xl\" align=\"center\" custom_color=\"#ef7204\" link=\"url:https%3A%2F%2Fwww.hradsaris.sk%2Fotvaracia-doba%2F|title:Otv%C3%A1racia%20doba\"][vc_empty_space height=\"15px\"][vc_custom_heading text=\"Otv\u00e1racie hodiny\" font_container=\"tag:h2|font_size:15pt|text_align:center\" use_theme_fonts=\"yes\" link=\"url:https%3A%2F%2Fwww.hradsaris.sk%2Fotvaracia-doba%2F|title:Otv%C3%A1racia%20doba\"][vc_empty_space height=\"15px\"][\/vc_column_inner][vc_column_inner width=\"1\/6\" offset=\"vc_col-xs-6\"][vc_icon icon_fontawesome=\"fas fa-ticket-alt\" color=\"custom\" size=\"xl\" align=\"center\" custom_color=\"#ef7204\" link=\"url:https%3A%2F%2Fwww.hradsaris.sk%2Fvstupne%2F|title:Otv%C3%A1racia%20doba\"][vc_empty_space height=\"15px\"][vc_custom_heading text=\"Vstupenky\" font_container=\"tag:h2|font_size:15pt|text_align:center\" use_theme_fonts=\"yes\"][vc_empty_space height=\"15px\"][\/vc_column_inner][vc_column_inner width=\"1\/6\" offset=\"vc_col-xs-6\"][vc_icon icon_fontawesome=\"fas fa-university\" color=\"custom\" size=\"xl\" align=\"center\"&hellip;","robots":{"index":"index","follow":"follow","max-snippet":"max-snippet:-1","max-image-preview":"max-image-preview:large","max-video-preview":"max-video-preview:-1"},"canonical":"https:\/\/www.hradsaris.sk\/partneri-hradu-saris\/","og_locale":"en_GB","og_type":"article","og_title":"Partneri hradu \u0160ari\u0161","og_description":"[vc_row full_width=\"stretch_row\" content_placement=\"middle\" first_background_color=\"#f3f3f3\" css=\".vc_custom_1654860649923{background-color: #ffffff !important;}\"][vc_column][vc_row_inner equal_height=\"yes\" css=\".vc_custom_1662977823536{margin-top: -80px !important;background-color: #ffffff !important;}\" el_class=\"inside-business\"][vc_column_inner el_class=\"uvod-podstranky\" width=\"1\/6\" css=\".vc_custom_1662977828927{background-color: #ffffff !important;}\" offset=\"vc_col-xs-6\"][vc_icon icon_fontawesome=\"far fa-clock\" color=\"custom\" size=\"xl\" align=\"center\" custom_color=\"#ef7204\" link=\"url:https%3A%2F%2Fwww.hradsaris.sk%2Fotvaracia-doba%2F|title:Otv%C3%A1racia%20doba\"][vc_empty_space height=\"15px\"][vc_custom_heading text=\"Otv\u00e1racie hodiny\" font_container=\"tag:h2|font_size:15pt|text_align:center\" use_theme_fonts=\"yes\" link=\"url:https%3A%2F%2Fwww.hradsaris.sk%2Fotvaracia-doba%2F|title:Otv%C3%A1racia%20doba\"][vc_empty_space height=\"15px\"][\/vc_column_inner][vc_column_inner width=\"1\/6\" offset=\"vc_col-xs-6\"][vc_icon icon_fontawesome=\"fas fa-ticket-alt\" color=\"custom\" size=\"xl\" align=\"center\" custom_color=\"#ef7204\" link=\"url:https%3A%2F%2Fwww.hradsaris.sk%2Fvstupne%2F|title:Otv%C3%A1racia%20doba\"][vc_empty_space height=\"15px\"][vc_custom_heading text=\"Vstupenky\" font_container=\"tag:h2|font_size:15pt|text_align:center\" use_theme_fonts=\"yes\"][vc_empty_space height=\"15px\"][\/vc_column_inner][vc_column_inner width=\"1\/6\" offset=\"vc_col-xs-6\"][vc_icon icon_fontawesome=\"fas fa-university\" color=\"custom\" size=\"xl\" align=\"center\"&hellip;","og_url":"https:\/\/www.hradsaris.sk\/partneri-hradu-saris\/","og_site_name":"Hrad \u0160ari\u0161","article_modified_time":"2022-09-12T10:18:24+00:00","twitter_card":"summary_large_image","twitter_misc":{"Estimated reading time":"2 minutes"},"schema":{"@context":"https:\/\/schema.org","@graph":[{"@type":"WebPage","@id":"https:\/\/www.hradsaris.sk\/partneri-hradu-saris\/","url":"https:\/\/www.hradsaris.sk\/partneri-hradu-saris\/","name":"Partneri hradu \u0160ari\u0161 - Hrad \u0160ari\u0161","isPartOf":{"@id":"https:\/\/www.hradsaris.sk\/#website"},"datePublished":"2022-08-01T12:27:18+00:00","dateModified":"2022-09-12T10:18:24+00:00","breadcrumb":{"@id":"https:\/\/www.hradsaris.sk\/partneri-hradu-saris\/#breadcrumb"},"inLanguage":"en-GB","potentialAction":[{"@type":"ReadAction","target":["https:\/\/www.hradsaris.sk\/partneri-hradu-saris\/"]}]},{"@type":"BreadcrumbList","@id":"https:\/\/www.hradsaris.sk\/partneri-hradu-saris\/#breadcrumb","itemListElement":[{"@type":"ListItem","position":1,"name":"Home","item":"https:\/\/www.hradsaris.sk\/"},{"@type":"ListItem","position":2,"name":"Partneri hradu \u0160ari\u0161"}]},{"@type":"WebSite","@id":"https:\/\/www.hradsaris.sk\/#website","url":"https:\/\/www.hradsaris.sk\/","name":"Hrad \u0160ari\u0161","description":"Historick\u00e9 srdce \u0160ari\u0161a","potentialAction":[{"@type":"SearchAction","target":{"@type":"EntryPoint","urlTemplate":"https:\/\/www.hradsaris.sk\/?s={search_term_string}"},"query-input":"required name=search_term_string"}],"inLanguage":"en-GB"}]}},"_links":{"self":[{"href":"https:\/\/www.hradsaris.sk\/wp-json\/wp\/v2\/pages\/32573"}],"collection":[{"href":"https:\/\/www.hradsaris.sk\/wp-json\/wp\/v2\/pages"}],"about":[{"href":"https:\/\/www.hradsaris.sk\/wp-json\/wp\/v2\/types\/page"}],"author":[{"embeddable":true,"href":"https:\/\/www.hradsaris.sk\/wp-json\/wp\/v2\/users\/1"}],"replies":[{"embeddable":true,"href":"https:\/\/www.hradsaris.sk\/wp-json\/wp\/v2\/comments?post=32573"}],"version-history":[{"count":5,"href":"https:\/\/www.hradsaris.sk\/wp-json\/wp\/v2\/pages\/32573\/revisions"}],"predecessor-version":[{"id":32834,"href":"https:\/\/www.hradsaris.sk\/wp-json\/wp\/v2\/pages\/32573\/revisions\/32834"}],"wp:attachment":[{"href":"https:\/\/www.hradsaris.sk\/wp-json\/wp\/v2\/media?parent=32573"}],"curies":[{"name":"wp","href":"https:\/\/api.w.org\/{rel}","templated":true}]}}