{"id":32543,"date":"2022-08-01T10:35:39","date_gmt":"2022-08-01T10:35:39","guid":{"rendered":"https:\/\/www.hradsaris.sk\/?page_id=32543"},"modified":"2022-08-01T10:42:16","modified_gmt":"2022-08-01T10:42:16","slug":"legenda-o-alzbetke-a-svatobojovi","status":"publish","type":"page","link":"https:\/\/www.hradsaris.sk\/legenda-o-alzbetke-a-svatobojovi\/","title":{"rendered":"Legenda o Al\u017ebetke a Sv\u00e4tobojovi"},"content":{"rendered":"<p>[vc_section][vc_row][vc_column width=&#8221;1\/3&#8243;][\/vc_column][vc_column width=&#8221;1\/3&#8243;]<a href=\"https:\/\/www.hradsaris.sk\/historia\/\" title=\"Hist\u00f3ria\"  data-id=\"mpc_button-7369ecf8dcb397c\" class=\"mpc-button mpc-init mpc-transition mpc-display--block \" ><div class=\"mpc-button__content mpc-effect-type--stay mpc-effect-side--left\"><i class=\"mpc-button__icon mpc-transition  fa fa-arrow-left\"><\/i><span class=\"mpc-button__title mpc-transition\">Sp\u00e4\u0165 k legend\u00e1m<\/span><\/div><div class=\"mpc-button__background mpc-transition mpc-effect-type--fade mpc-effect-side--in\"><\/div><\/a>[\/vc_column][vc_column width=&#8221;1\/3&#8243;][\/vc_column][\/vc_row][\/vc_section][vc_section][vc_row][vc_column width=&#8221;1\/6&#8243;][\/vc_column][vc_column width=&#8221;2\/3&#8243;][vc_single_image image=&#8221;32545&#8243; img_size=&#8221;large&#8221; alignment=&#8221;center&#8221;][vc_empty_space height=&#8221;22px&#8221;][vc_custom_heading text=&#8221;Legenda o Al\u017ebetke a Sv\u00e4tobojovi&#8221; font_container=&#8221;tag:h2|text_align:center|color:%23303030&#8243;][vc_empty_space height=&#8221;22px&#8221;][vc_column_text]Prekr\u00e1sny je veru ten \u0160ari\u0161sk\u00fd kraj. Ute\u0161en\u00e1 pr\u00edroda. Doliny s\u00fa oven\u010den\u00e9 zelen\u00fdmi horami a\u00a0cez ne pretekaj\u00fa \u017eblnkotav\u00e9 bystriny a\u00a0rie\u010dky. V srdci kraja sa do v\u00fd\u0161ky dva ve\u013ek\u00e9 vrchy: Lys\u00e1 a\u00a0Ve\u013ek\u00e1 Str\u00e1\u017e. pod Str\u00e1\u017eou \u010die sa mocn\u00fd slovansk\u00fd hrad Tubul, \u010do pomenovan\u00fd nov\u00fdm menom \u0160ari\u0161 bol.<span class=\"Apple-converted-space\">\u00a0<\/span><\/p>\n<p>Na hrade \u017eilo stato\u010dn\u00e9 slovansk\u00e9 knie\u017ea Sv\u00e4toboj z\u00a0rodu Duklancov. Prijal vieru kres\u0165anov a\u00a0krsten\u00fd sv. Cyrilom, ke\u010f chodil medzi<span class=\"Apple-converted-space\">\u00a0 <\/span>slovensk\u00fdm \u013eudom pohansk\u00e9 chr\u00e1my b\u00faral na celom \u0161\u00edrom okol\u00ed a\u00a0na ich mieste staval st\u00e1nky kres\u0165ansk\u00e9. \u013dud ho miloval, bol mu oddan\u00fd a\u00a0vern\u00fd.<\/p>\n<p>O\u00a0Sv\u00e4tabojovi sa dopo\u010dul i\u00a0s\u00e1m uhorsk\u00fd panovn\u00edk B\u00e9la II., ktor\u00fd zl\u00e9 \u010dasy pre\u017eil medzi svojimi poddan\u00fdmi. No ve\u013ek\u00fd nepriate\u013e bol pohansk\u00fd rytier Knud. Ten ne\u010destne \u017eil, kradol, plienil a\u00a0su\u017eoval slovensk\u00fd \u013eud. Svojich poddan\u00fdch provokoval proti kr\u00e1\u013eovi a\u00a0kres\u0165anom.<\/p>\n<p>I tu\u00a0na kr\u00e1\u013eovu korunu chcel siahnu\u0165 ne\u010destn\u00fdm sob\u00e1\u0161om. Po\u017eiadal B\u00e9li II,. aby mu svoju milovan\u00fa dc\u00e9ru kr\u00e1snu a\u00a0spanil\u00fa Al\u017ebetu za \u017eenu dal. Kr\u00e1\u013e nevyhovel tejto drzej a\u00a0smelej \u017eiadosti, lebo vedel o\u00a0Knutovej krutosti. Svoje die\u0165a miloval a\u00a0in\u00fd \u017eivot jej prial. Knut sa chystal potresta\u0165 tak\u00fato ur\u00e1\u017eku krvou a\u00a0kr\u00e1\u013ea na ceste prepadol. O\u010di mu vyklal, ke\u010f st\u00e1le s\u00a0jeho \u017eiados\u0165ou nes\u00fahlasil. Kr\u00e1snu Al\u017ebetu takto mu\u010dil a\u00a0chcel si vyn\u00fati\u0165 s\u013eub k\u00a0man\u017eelstvu. No<span class=\"Apple-converted-space\">\u00a0 <\/span>kres\u0165ansk\u00fd \u013eud spod hradu \u0160ari\u0161<span class=\"Apple-converted-space\">\u00a0 <\/span>kr\u00e1\u013eovi a\u00a0jeho rodine pomohli unikn\u00fa\u0165 z\u00a0Knutovho zajatia<span class=\"Apple-converted-space\">\u00a0 <\/span>a\u00a0odobra\u0165 sa pod ochranu stato\u010dn\u00e9ho Sv\u00e4taboja na jeho hrad.<\/p>\n<p>Kr\u00e1\u013eovsk\u00e1 rodina si tam \u017eila spokojne. Vrcholom \u0161\u0165astia bolo, ke\u010f sa dozvedel, \u017ee Sv\u00e4taboj \u010distou l\u00e1skou zahorel k\u00a0jeho dc\u00e9re Al\u017ebete a\u00a0Al\u017ebeta \u017ee ju op\u00e4tuje.<\/p>\n<p>Ur\u010dili de\u0148 svadby. Cel\u00fd \u0160ari\u0161 sa chystal na t\u00fato radostn\u00fa udalos\u0165. Devy vy\u0161\u00edvali svadobn\u00e9 r\u00facho pre kr\u00e1snu nevestu. Pr\u00edpravy boli v\u00a0plnom pr\u00fade, ale Knut sa to dozvedel a\u00a0zb\u013akol ukrutn\u00fdm hnevom. Prisahal stra\u0161liv\u00fa pomstu celej kr\u00e1\u013eovskej rodine i\u00a0Sv\u00e4tabojovi. Zhroma\u017edil arm\u00e1du pohansk\u00fdch ml\u00e1dencov a\u00a0s\u00a0vetrom letel<span class=\"Apple-converted-space\">\u00a0 <\/span>o\u00a0z\u00e1vod k\u00a0hradu. Tu u\u017e bolo veselie a\u00a0tak ni\u010d na \u0160ari\u0161i netu\u0161ili.<\/p>\n<p>Sl\u00e1vnos\u0165 pr\u00e1ve za\u010dala, ke\u010f Knud pod hradnou br\u00e1nou zastal a\u00a0za\u010dal hroziv\u00fd \u00fatok. Hradn\u00e9 br\u00e1ny r\u00fdchlo zavreli a\u00a0chystali sa na obranu . Ale nepriate\u013e bol ve\u013emi mocn\u00fd, napadol valy a\u00a0r\u00fatil sa cez priekopy na hradn\u00e9 opevnenie.<\/p>\n<p>Ka\u017ed\u00e1 \u017eiv\u00e1 du\u0161a st\u00e1la pripraven\u00e1 \u017eivot polo\u017ei\u0165 za svojho p\u00e1na. Spanil\u00e9 devy, ktor\u00e9 pozvali na svadbu, hrdinsky bojovali na hradb\u00e1ch. Ko\u013eko slovensk\u00fdch diev na hradb\u00e1ch zahynulo, to\u013eko hviezd zletelo na \u0161ari\u0161sk\u00fd kraj. \u010c\u00edm menej bolo diev na hradb\u00e1ch, t\u00fdm hustej\u0161ia bola posiata zem zlat\u00fdmi hviezdami.<\/p>\n<p>Ke\u010f Al\u017ebeta videla, \u017ee bitka je u\u017e u\u00a0konca a\u00a0v\u00ed\u0165azia pohania. Vrhla sa do n\u00e1ru\u010dia svojmu mil\u00e9mu a\u00a0pustila sa do pla\u010du.<span class=\"Apple-converted-space\">\u00a0 <\/span>I\u00a0Sv\u00e4taboj videl, \u017ee odpor je m\u00e1rny, ukryli sa vo ve\u017ei. V\u00a0modlitbe prosili Boha o\u00a0milos\u0165 a sp\u00e1su<span class=\"Apple-converted-space\">\u00a0 <\/span>pre svoje du\u0161e. Spolo\u010dne sko\u010dili z\u00a0ve\u017ee, aby \u010distotu svojej milovanej Al\u017ebety zachr\u00e1nil pred pohansk\u00fdm po\u0161kvrnen\u00edm.<\/p>\n<p>Slov\u00e1ci na Lysej a\u00a0Ve\u013ekej Str\u00e1\u017ei e\u0161te na za\u010diatku boja<span class=\"Apple-converted-space\">\u00a0 <\/span>ve\u013ek\u00e9 vatry rozlo\u017eili na znak, \u017ee nepriate\u013e za\u00fato\u010dil a\u00a0hrad prepadol.<span class=\"Apple-converted-space\">\u00a0 <\/span>Na pomoc sa hrnuli cel\u00e9 \u0161\u00edky, aby svojmu milovan\u00e9mu p\u00e1novi pomohli. Prepadli pohanov od chrbta a\u00a0premohli ich. Ale darmo h\u013eadali svojho p\u00e1na. Sv\u00e4toboj v\u00a0hlbokej priepasti bez \u017eivota le\u017eal a\u00a0nad n\u00edm jeho milovan\u00e1 Al\u017ebeta usedavo plakala, ktor\u00e1 pri p\u00e1de sa o\u00a0kon\u00e1re zachytila<span class=\"Apple-converted-space\">\u00a0 <\/span>a\u00a0tak si \u017eivot zachr\u00e1nila. No svojmu mil\u00e9mu ani pla\u010dom \u017eivot vr\u00e1ti\u0165 nedok\u00e1zala.<\/p>\n<p>Namiesto veselej svadobnej hostiny odbavoval sa na hrade sm\u00fato\u010dn\u00fd<span class=\"Apple-converted-space\">\u00a0 <\/span>kar, miesto radosti v\u00a0celom \u0160ari\u0161i hork\u00fd \u017eia\u013e.<\/p>\n<p>Al\u017ebeta sa nikdy nevydala. Zalo\u017eila kl\u00e1\u0161tor a\u00a0na mieste, kde sa Sv\u00e4taboj zabil postavila kaplnku, ktor\u00e1 dodnes v\u00a0\u0160ari\u0161i stoj\u00ed a\u00a0nesie meno Al\u017ebetka.<\/p>\n<p>Ke\u010f Al\u017ebeta umrela pochovali ju do nej poved\u013ea sn\u00fabenca. Jej hrob na\u0161li v\u00a0roku 1801 a\u00a0korunn\u00fa ozdobu odniesli do viedensk\u00e9ho m\u00fazea.<\/p>\n<p>Na \u0160ari\u0161i z\u00a0\u010dasu na \u010das hviezdy padaj\u00fa. \u013dud si e\u0161te i\u00a0dnes rozpr\u00e1va, \u017ee s\u00fa to kvapky krvi slovensk\u00fdch diev, ktor\u00e9 tu zahynuli pod me\u010dmi pohanov.[\/vc_column_text][\/vc_column][vc_column width=&#8221;1\/6&#8243;][\/vc_column][\/vc_row][\/vc_section]<\/p>\n","protected":false},"excerpt":{"rendered":"<p>[vc_section][vc_row][vc_column width=&#8221;1\/3&#8243;][\/vc_column][vc_column width=&#8221;1\/3&#8243;]Sp\u00e4\u0165 k legend\u00e1m[\/vc_column][vc_column width=&#8221;1\/3&#8243;][\/vc_column][\/vc_row][\/vc_section][vc_section][vc_row][vc_column width=&#8221;1\/6&#8243;][\/vc_column][vc_column width=&#8221;2\/3&#8243;][vc_single_image image=&#8221;32545&#8243; img_size=&#8221;large&#8221; alignment=&#8221;center&#8221;][vc_empty_space height=&#8221;22px&#8221;][vc_custom_heading text=&#8221;Legenda o Al\u017ebetke a Sv\u00e4tobojovi&#8221; font_container=&#8221;tag:h2|text_align:center|color:%23303030&#8243;][vc_empty_space height=&#8221;22px&#8221;][vc_column_text]Prekr\u00e1sny je veru ten \u0160ari\u0161sk\u00fd kraj. Ute\u0161en\u00e1 pr\u00edroda. Doliny s\u00fa oven\u010den\u00e9 zelen\u00fdmi<\/p>\n","protected":false},"author":1,"featured_media":0,"parent":0,"menu_order":0,"comment_status":"closed","ping_status":"closed","template":"","meta":{"inline_featured_image":false,"_monsterinsights_skip_tracking":false,"_monsterinsights_sitenote_active":false,"_monsterinsights_sitenote_note":"","_monsterinsights_sitenote_category":0,"footnotes":""},"yoast_head":"<!-- This site is optimized with the Yoast SEO plugin v22.6 - https:\/\/yoast.com\/wordpress\/plugins\/seo\/ -->\n<title>Legenda o Al\u017ebetke a Sv\u00e4tobojovi<\/title>\n<meta name=\"description\" content=\"Trag\u00e9dia o boji medzi dobrom a zlom, oddanosti a l\u00e1ske. Hrad \u0160ari\u0161 je domovom legendy o Al\u017ebetke, po ktorej nesie meno jedna z hradn\u00fdch ve\u017e\u00ed.\" \/>\n<meta name=\"robots\" content=\"index, follow, max-snippet:-1, max-image-preview:large, max-video-preview:-1\" \/>\n<link rel=\"canonical\" href=\"https:\/\/www.hradsaris.sk\/legenda-o-alzbetke-a-svatobojovi\/\" \/>\n<meta property=\"og:locale\" content=\"en_GB\" \/>\n<meta property=\"og:type\" content=\"article\" \/>\n<meta property=\"og:title\" content=\"Legenda o Al\u017ebetke a Sv\u00e4tobojovi\" \/>\n<meta property=\"og:description\" content=\"Trag\u00e9dia o boji medzi dobrom a zlom, oddanosti a l\u00e1ske. Hrad \u0160ari\u0161 je domovom legendy o Al\u017ebetke, po ktorej nesie meno jedna z hradn\u00fdch ve\u017e\u00ed.\" \/>\n<meta property=\"og:url\" content=\"https:\/\/www.hradsaris.sk\/legenda-o-alzbetke-a-svatobojovi\/\" \/>\n<meta property=\"og:site_name\" content=\"Hrad \u0160ari\u0161\" \/>\n<meta property=\"article:modified_time\" content=\"2022-08-01T10:42:16+00:00\" \/>\n<meta name=\"twitter:card\" content=\"summary_large_image\" \/>\n<meta name=\"twitter:label1\" content=\"Estimated reading time\" \/>\n\t<meta name=\"twitter:data1\" content=\"4 minutes\" \/>\n<script type=\"application\/ld+json\" class=\"yoast-schema-graph\">{\"@context\":\"https:\/\/schema.org\",\"@graph\":[{\"@type\":\"WebPage\",\"@id\":\"https:\/\/www.hradsaris.sk\/legenda-o-alzbetke-a-svatobojovi\/\",\"url\":\"https:\/\/www.hradsaris.sk\/legenda-o-alzbetke-a-svatobojovi\/\",\"name\":\"Legenda o Al\u017ebetke a Sv\u00e4tobojovi - Hrad \u0160ari\u0161\",\"isPartOf\":{\"@id\":\"https:\/\/www.hradsaris.sk\/#website\"},\"datePublished\":\"2022-08-01T10:35:39+00:00\",\"dateModified\":\"2022-08-01T10:42:16+00:00\",\"description\":\"Trag\u00e9dia o boji medzi dobrom a zlom, oddanosti a l\u00e1ske. Hrad \u0160ari\u0161 je domovom legendy o Al\u017ebetke, po ktorej nesie meno jedna z hradn\u00fdch ve\u017e\u00ed.\",\"breadcrumb\":{\"@id\":\"https:\/\/www.hradsaris.sk\/legenda-o-alzbetke-a-svatobojovi\/#breadcrumb\"},\"inLanguage\":\"en-GB\",\"potentialAction\":[{\"@type\":\"ReadAction\",\"target\":[\"https:\/\/www.hradsaris.sk\/legenda-o-alzbetke-a-svatobojovi\/\"]}]},{\"@type\":\"BreadcrumbList\",\"@id\":\"https:\/\/www.hradsaris.sk\/legenda-o-alzbetke-a-svatobojovi\/#breadcrumb\",\"itemListElement\":[{\"@type\":\"ListItem\",\"position\":1,\"name\":\"Home\",\"item\":\"https:\/\/www.hradsaris.sk\/\"},{\"@type\":\"ListItem\",\"position\":2,\"name\":\"Legenda o Al\u017ebetke a Sv\u00e4tobojovi\"}]},{\"@type\":\"WebSite\",\"@id\":\"https:\/\/www.hradsaris.sk\/#website\",\"url\":\"https:\/\/www.hradsaris.sk\/\",\"name\":\"Hrad \u0160ari\u0161\",\"description\":\"Historick\u00e9 srdce \u0160ari\u0161a\",\"potentialAction\":[{\"@type\":\"SearchAction\",\"target\":{\"@type\":\"EntryPoint\",\"urlTemplate\":\"https:\/\/www.hradsaris.sk\/?s={search_term_string}\"},\"query-input\":\"required name=search_term_string\"}],\"inLanguage\":\"en-GB\"}]}<\/script>\n<!-- \/ Yoast SEO plugin. -->","yoast_head_json":{"title":"Legenda o Al\u017ebetke a Sv\u00e4tobojovi","description":"Trag\u00e9dia o boji medzi dobrom a zlom, oddanosti a l\u00e1ske. Hrad \u0160ari\u0161 je domovom legendy o Al\u017ebetke, po ktorej nesie meno jedna z hradn\u00fdch ve\u017e\u00ed.","robots":{"index":"index","follow":"follow","max-snippet":"max-snippet:-1","max-image-preview":"max-image-preview:large","max-video-preview":"max-video-preview:-1"},"canonical":"https:\/\/www.hradsaris.sk\/legenda-o-alzbetke-a-svatobojovi\/","og_locale":"en_GB","og_type":"article","og_title":"Legenda o Al\u017ebetke a Sv\u00e4tobojovi","og_description":"Trag\u00e9dia o boji medzi dobrom a zlom, oddanosti a l\u00e1ske. Hrad \u0160ari\u0161 je domovom legendy o Al\u017ebetke, po ktorej nesie meno jedna z hradn\u00fdch ve\u017e\u00ed.","og_url":"https:\/\/www.hradsaris.sk\/legenda-o-alzbetke-a-svatobojovi\/","og_site_name":"Hrad \u0160ari\u0161","article_modified_time":"2022-08-01T10:42:16+00:00","twitter_card":"summary_large_image","twitter_misc":{"Estimated reading time":"4 minutes"},"schema":{"@context":"https:\/\/schema.org","@graph":[{"@type":"WebPage","@id":"https:\/\/www.hradsaris.sk\/legenda-o-alzbetke-a-svatobojovi\/","url":"https:\/\/www.hradsaris.sk\/legenda-o-alzbetke-a-svatobojovi\/","name":"Legenda o Al\u017ebetke a Sv\u00e4tobojovi - Hrad \u0160ari\u0161","isPartOf":{"@id":"https:\/\/www.hradsaris.sk\/#website"},"datePublished":"2022-08-01T10:35:39+00:00","dateModified":"2022-08-01T10:42:16+00:00","description":"Trag\u00e9dia o boji medzi dobrom a zlom, oddanosti a l\u00e1ske. Hrad \u0160ari\u0161 je domovom legendy o Al\u017ebetke, po ktorej nesie meno jedna z hradn\u00fdch ve\u017e\u00ed.","breadcrumb":{"@id":"https:\/\/www.hradsaris.sk\/legenda-o-alzbetke-a-svatobojovi\/#breadcrumb"},"inLanguage":"en-GB","potentialAction":[{"@type":"ReadAction","target":["https:\/\/www.hradsaris.sk\/legenda-o-alzbetke-a-svatobojovi\/"]}]},{"@type":"BreadcrumbList","@id":"https:\/\/www.hradsaris.sk\/legenda-o-alzbetke-a-svatobojovi\/#breadcrumb","itemListElement":[{"@type":"ListItem","position":1,"name":"Home","item":"https:\/\/www.hradsaris.sk\/"},{"@type":"ListItem","position":2,"name":"Legenda o Al\u017ebetke a Sv\u00e4tobojovi"}]},{"@type":"WebSite","@id":"https:\/\/www.hradsaris.sk\/#website","url":"https:\/\/www.hradsaris.sk\/","name":"Hrad \u0160ari\u0161","description":"Historick\u00e9 srdce \u0160ari\u0161a","potentialAction":[{"@type":"SearchAction","target":{"@type":"EntryPoint","urlTemplate":"https:\/\/www.hradsaris.sk\/?s={search_term_string}"},"query-input":"required name=search_term_string"}],"inLanguage":"en-GB"}]}},"_links":{"self":[{"href":"https:\/\/www.hradsaris.sk\/wp-json\/wp\/v2\/pages\/32543"}],"collection":[{"href":"https:\/\/www.hradsaris.sk\/wp-json\/wp\/v2\/pages"}],"about":[{"href":"https:\/\/www.hradsaris.sk\/wp-json\/wp\/v2\/types\/page"}],"author":[{"embeddable":true,"href":"https:\/\/www.hradsaris.sk\/wp-json\/wp\/v2\/users\/1"}],"replies":[{"embeddable":true,"href":"https:\/\/www.hradsaris.sk\/wp-json\/wp\/v2\/comments?post=32543"}],"version-history":[{"count":6,"href":"https:\/\/www.hradsaris.sk\/wp-json\/wp\/v2\/pages\/32543\/revisions"}],"predecessor-version":[{"id":32551,"href":"https:\/\/www.hradsaris.sk\/wp-json\/wp\/v2\/pages\/32543\/revisions\/32551"}],"wp:attachment":[{"href":"https:\/\/www.hradsaris.sk\/wp-json\/wp\/v2\/media?parent=32543"}],"curies":[{"name":"wp","href":"https:\/\/api.w.org\/{rel}","templated":true}]}}