{"id":32351,"date":"2022-06-27T13:35:41","date_gmt":"2022-06-27T13:35:41","guid":{"rendered":"https:\/\/www.hradsaris.sk\/?page_id=32351"},"modified":"2022-09-12T09:21:55","modified_gmt":"2022-09-12T09:21:55","slug":"hradne-objekty","status":"publish","type":"page","link":"https:\/\/www.hradsaris.sk\/hradne-objekty\/","title":{"rendered":"Hradn\u00e9 objekty"},"content":{"rendered":"<p>[vc_row full_width=&#8221;stretch_row&#8221; content_placement=&#8221;middle&#8221; first_background_color=&#8221;#f3f3f3&#8243; css=&#8221;.vc_custom_1654860649923{background-color: #ffffff !important;}&#8221;][vc_column][vc_row_inner equal_height=&#8221;yes&#8221; css=&#8221;.vc_custom_1662974507921{margin-top: -80px !important;background-color: #ffffff !important;}&#8221; el_class=&#8221;inside-business&#8221;][vc_column_inner el_class=&#8221;uvod-podstranky&#8221; width=&#8221;1\/6&#8243; css=&#8221;.vc_custom_1662974513129{background-color: #ffffff !important;}&#8221; offset=&#8221;vc_col-xs-6&#8243;][vc_icon icon_fontawesome=&#8221;far fa-clock&#8221; color=&#8221;custom&#8221; size=&#8221;xl&#8221; align=&#8221;center&#8221; custom_color=&#8221;#ef7204&#8243; link=&#8221;url:https%3A%2F%2Fwww.hradsaris.sk%2Fotvaracia-doba%2F|title:Otv%C3%A1racia%20doba&#8221;][vc_empty_space height=&#8221;15px&#8221;][vc_custom_heading text=&#8221;Otv\u00e1racie hodiny&#8221; font_container=&#8221;tag:h2|font_size:15pt|text_align:center&#8221; use_theme_fonts=&#8221;yes&#8221; link=&#8221;url:https%3A%2F%2Fwww.hradsaris.sk%2Fotvaracia-doba%2F|title:Otv%C3%A1racia%20doba&#8221;][vc_empty_space height=&#8221;15px&#8221;][\/vc_column_inner][vc_column_inner width=&#8221;1\/6&#8243; offset=&#8221;vc_col-xs-6&#8243;][vc_icon icon_fontawesome=&#8221;fas fa-ticket-alt&#8221; color=&#8221;custom&#8221; size=&#8221;xl&#8221; align=&#8221;center&#8221; custom_color=&#8221;#ef7204&#8243; link=&#8221;url:https%3A%2F%2Fwww.hradsaris.sk%2Fvstupne%2F|title:Otv%C3%A1racia%20doba&#8221;][vc_empty_space height=&#8221;15px&#8221;][vc_custom_heading text=&#8221;Vstupenky&#8221; font_container=&#8221;tag:h2|font_size:15pt|text_align:center&#8221; use_theme_fonts=&#8221;yes&#8221;][vc_empty_space height=&#8221;15px&#8221;][\/vc_column_inner][vc_column_inner width=&#8221;1\/6&#8243; offset=&#8221;vc_col-xs-6&#8243;][vc_icon icon_fontawesome=&#8221;fas fa-university&#8221; color=&#8221;custom&#8221; size=&#8221;xl&#8221; align=&#8221;center&#8221; custom_color=&#8221;#ef7204&#8243; link=&#8221;url:https%3A%2F%2Fwww.hradsaris.sk%2Fsprievodcovska-sluzba%2F|title:Sprievodcovsk%C3%A1%20slu%C5%BEba&#8221;][vc_empty_space height=&#8221;15px&#8221;][vc_custom_heading text=&#8221;Sprievodcovsk\u00e9 slu\u017eby&#8221; font_container=&#8221;tag:h2|font_size:15pt|text_align:center&#8221; use_theme_fonts=&#8221;yes&#8221; link=&#8221;url:https%3A%2F%2Fwww.hradsaris.sk%2Fsprievodcovska-sluzba%2F|title:Sprievodcovsk%C3%A1%20slu%C5%BEba&#8221;][vc_empty_space height=&#8221;15px&#8221;][\/vc_column_inner][vc_column_inner width=&#8221;1\/6&#8243; css=&#8221;.vc_custom_1662959608694{background-color: #ef7204 !important;}&#8221; offset=&#8221;vc_col-xs-6&#8243;][vc_icon icon_fontawesome=&#8221;fab fa-fort-awesome&#8221; color=&#8221;custom&#8221; size=&#8221;xl&#8221; align=&#8221;center&#8221; custom_color=&#8221;#ffffff&#8221; link=&#8221;url:https%3A%2F%2Fwww.hradsaris.sk%2Fhradne-objekty%2F|title:Hradn%C3%A9%20objekty&#8221;][vc_empty_space height=&#8221;15px&#8221;][vc_custom_heading text=&#8221;Hradn\u00e9 objekty&#8221; font_container=&#8221;tag:h2|font_size:15pt|text_align:center|color:%23ffffff&#8221; use_theme_fonts=&#8221;yes&#8221; link=&#8221;url:https%3A%2F%2Fwww.hradsaris.sk%2Fhradne-objekty%2F|title:Sprievodcovsk%C3%A1%20slu%C5%BEba&#8221;][vc_empty_space height=&#8221;15px&#8221;][\/vc_column_inner][vc_column_inner width=&#8221;1\/6&#8243; offset=&#8221;vc_col-xs-6&#8243;][vc_icon icon_fontawesome=&#8221;fas fa-chess-knight&#8221; color=&#8221;custom&#8221; size=&#8221;xl&#8221; align=&#8221;center&#8221; custom_color=&#8221;#ef7204&#8243; link=&#8221;url:https%3A%2F%2Fwww.hradsaris.sk%2Fhistoria%2F|title:Hradn%C3%A9%20objekty&#8221;][vc_empty_space height=&#8221;15px&#8221;][vc_custom_heading text=&#8221;Hist\u00f3ria&#8221; font_container=&#8221;tag:h2|font_size:15pt|text_align:center&#8221; use_theme_fonts=&#8221;yes&#8221; link=&#8221;url:https%3A%2F%2Fwww.hradsaris.sk%2Fhistoria%2F|title:Hist%C3%B3ria&#8221;][vc_empty_space height=&#8221;15px&#8221;][\/vc_column_inner][vc_column_inner width=&#8221;1\/6&#8243; offset=&#8221;vc_col-xs-6&#8243;][vc_icon icon_fontawesome=&#8221;fas fa-theater-masks&#8221; color=&#8221;custom&#8221; size=&#8221;xl&#8221; align=&#8221;center&#8221; custom_color=&#8221;#ef7204&#8243;][vc_empty_space height=&#8221;15px&#8221;][vc_custom_heading text=&#8221;Kult\u00fara&#8221; font_container=&#8221;tag:h2|font_size:15pt|text_align:center&#8221; use_theme_fonts=&#8221;yes&#8221;][vc_empty_space height=&#8221;15px&#8221;][\/vc_column_inner][\/vc_row_inner][\/vc_column][\/vc_row][vc_section][vc_row full_width=&#8221;stretch_row_content&#8221; content_placement=&#8221;middle&#8221;][vc_column][vc_empty_space height=&#8221;117px&#8221;][vc_row_inner][vc_column_inner width=&#8221;1\/6&#8243;][\/vc_column_inner][vc_column_inner width=&#8221;2\/3&#8243;][vc_raw_html]JTVCaHJhZG5hLW1hcGEtMDIlNUQ=[\/vc_raw_html][\/vc_column_inner][vc_column_inner width=&#8221;1\/6&#8243;][\/vc_column_inner][\/vc_row_inner][vc_empty_space height=&#8221;8px&#8221;][vc_single_image image=&#8221;32664&#8243; img_size=&#8221;large&#8221; alignment=&#8221;center&#8221;][vc_empty_space][\/vc_column][\/vc_row][\/vc_section]<\/p>\n","protected":false},"excerpt":{"rendered":"<p>[vc_row full_width=&#8221;stretch_row&#8221; content_placement=&#8221;middle&#8221; first_background_color=&#8221;#f3f3f3&#8243; css=&#8221;.vc_custom_1654860649923{background-color: #ffffff !important;}&#8221;][vc_column][vc_row_inner equal_height=&#8221;yes&#8221; css=&#8221;.vc_custom_1662974507921{margin-top: -80px !important;background-color: #ffffff !important;}&#8221; el_class=&#8221;inside-business&#8221;][vc_column_inner el_class=&#8221;uvod-podstranky&#8221; width=&#8221;1\/6&#8243; css=&#8221;.vc_custom_1662974513129{background-color: #ffffff !important;}&#8221; offset=&#8221;vc_col-xs-6&#8243;][vc_icon icon_fontawesome=&#8221;far fa-clock&#8221; color=&#8221;custom&#8221; size=&#8221;xl&#8221; align=&#8221;center&#8221; custom_color=&#8221;#ef7204&#8243; link=&#8221;url:https%3A%2F%2Fwww.hradsaris.sk%2Fotvaracia-doba%2F|title:Otv%C3%A1racia%20doba&#8221;][vc_empty_space height=&#8221;15px&#8221;][vc_custom_heading text=&#8221;Otv\u00e1racie hodiny&#8221;<\/p>\n","protected":false},"author":1,"featured_media":0,"parent":0,"menu_order":0,"comment_status":"closed","ping_status":"closed","template":"","meta":{"inline_featured_image":false,"_monsterinsights_skip_tracking":false,"_monsterinsights_sitenote_active":false,"_monsterinsights_sitenote_note":"","_monsterinsights_sitenote_category":0,"footnotes":""},"yoast_head":"<!-- This site is optimized with the Yoast SEO plugin v22.6 - https:\/\/yoast.com\/wordpress\/plugins\/seo\/ -->\n<title>Hradn\u00e9 objekty<\/title>\n<meta name=\"description\" content=\"Spoznajte hradn\u00e9 objekty na tejto interakt\u00edvnej mape. Na hrade n\u00e1jdete okrem st\u00e1le sprievodcovskej slu\u017eby mnoho atrakci\u00ed a aktiv\u00edt.\" \/>\n<meta name=\"robots\" content=\"index, follow, max-snippet:-1, max-image-preview:large, max-video-preview:-1\" \/>\n<link rel=\"canonical\" href=\"https:\/\/www.hradsaris.sk\/hradne-objekty\/\" \/>\n<meta property=\"og:locale\" content=\"en_GB\" \/>\n<meta property=\"og:type\" content=\"article\" \/>\n<meta property=\"og:title\" content=\"Hradn\u00e9 objekty\" \/>\n<meta property=\"og:description\" content=\"Spoznajte hradn\u00e9 objekty na tejto interakt\u00edvnej mape. Na hrade n\u00e1jdete okrem st\u00e1le sprievodcovskej slu\u017eby mnoho atrakci\u00ed a aktiv\u00edt.\" \/>\n<meta property=\"og:url\" content=\"https:\/\/www.hradsaris.sk\/hradne-objekty\/\" \/>\n<meta property=\"og:site_name\" content=\"Hrad \u0160ari\u0161\" \/>\n<meta property=\"article:modified_time\" content=\"2022-09-12T09:21:55+00:00\" \/>\n<meta name=\"twitter:card\" content=\"summary_large_image\" \/>\n<meta name=\"twitter:label1\" content=\"Estimated reading time\" \/>\n\t<meta name=\"twitter:data1\" content=\"1 minute\" \/>\n<script type=\"application\/ld+json\" class=\"yoast-schema-graph\">{\"@context\":\"https:\/\/schema.org\",\"@graph\":[{\"@type\":\"WebPage\",\"@id\":\"https:\/\/www.hradsaris.sk\/hradne-objekty\/\",\"url\":\"https:\/\/www.hradsaris.sk\/hradne-objekty\/\",\"name\":\"Hradn\u00e9 objekty - Hrad \u0160ari\u0161\",\"isPartOf\":{\"@id\":\"https:\/\/www.hradsaris.sk\/#website\"},\"datePublished\":\"2022-06-27T13:35:41+00:00\",\"dateModified\":\"2022-09-12T09:21:55+00:00\",\"description\":\"Spoznajte hradn\u00e9 objekty na tejto interakt\u00edvnej mape. Na hrade n\u00e1jdete okrem st\u00e1le sprievodcovskej slu\u017eby mnoho atrakci\u00ed a aktiv\u00edt.\",\"breadcrumb\":{\"@id\":\"https:\/\/www.hradsaris.sk\/hradne-objekty\/#breadcrumb\"},\"inLanguage\":\"en-GB\",\"potentialAction\":[{\"@type\":\"ReadAction\",\"target\":[\"https:\/\/www.hradsaris.sk\/hradne-objekty\/\"]}]},{\"@type\":\"BreadcrumbList\",\"@id\":\"https:\/\/www.hradsaris.sk\/hradne-objekty\/#breadcrumb\",\"itemListElement\":[{\"@type\":\"ListItem\",\"position\":1,\"name\":\"Home\",\"item\":\"https:\/\/www.hradsaris.sk\/\"},{\"@type\":\"ListItem\",\"position\":2,\"name\":\"Hradn\u00e9 objekty\"}]},{\"@type\":\"WebSite\",\"@id\":\"https:\/\/www.hradsaris.sk\/#website\",\"url\":\"https:\/\/www.hradsaris.sk\/\",\"name\":\"Hrad \u0160ari\u0161\",\"description\":\"Historick\u00e9 srdce \u0160ari\u0161a\",\"potentialAction\":[{\"@type\":\"SearchAction\",\"target\":{\"@type\":\"EntryPoint\",\"urlTemplate\":\"https:\/\/www.hradsaris.sk\/?s={search_term_string}\"},\"query-input\":\"required name=search_term_string\"}],\"inLanguage\":\"en-GB\"}]}<\/script>\n<!-- \/ Yoast SEO plugin. -->","yoast_head_json":{"title":"Hradn\u00e9 objekty","description":"Spoznajte hradn\u00e9 objekty na tejto interakt\u00edvnej mape. Na hrade n\u00e1jdete okrem st\u00e1le sprievodcovskej slu\u017eby mnoho atrakci\u00ed a aktiv\u00edt.","robots":{"index":"index","follow":"follow","max-snippet":"max-snippet:-1","max-image-preview":"max-image-preview:large","max-video-preview":"max-video-preview:-1"},"canonical":"https:\/\/www.hradsaris.sk\/hradne-objekty\/","og_locale":"en_GB","og_type":"article","og_title":"Hradn\u00e9 objekty","og_description":"Spoznajte hradn\u00e9 objekty na tejto interakt\u00edvnej mape. Na hrade n\u00e1jdete okrem st\u00e1le sprievodcovskej slu\u017eby mnoho atrakci\u00ed a aktiv\u00edt.","og_url":"https:\/\/www.hradsaris.sk\/hradne-objekty\/","og_site_name":"Hrad \u0160ari\u0161","article_modified_time":"2022-09-12T09:21:55+00:00","twitter_card":"summary_large_image","twitter_misc":{"Estimated reading time":"1 minute"},"schema":{"@context":"https:\/\/schema.org","@graph":[{"@type":"WebPage","@id":"https:\/\/www.hradsaris.sk\/hradne-objekty\/","url":"https:\/\/www.hradsaris.sk\/hradne-objekty\/","name":"Hradn\u00e9 objekty - Hrad \u0160ari\u0161","isPartOf":{"@id":"https:\/\/www.hradsaris.sk\/#website"},"datePublished":"2022-06-27T13:35:41+00:00","dateModified":"2022-09-12T09:21:55+00:00","description":"Spoznajte hradn\u00e9 objekty na tejto interakt\u00edvnej mape. Na hrade n\u00e1jdete okrem st\u00e1le sprievodcovskej slu\u017eby mnoho atrakci\u00ed a aktiv\u00edt.","breadcrumb":{"@id":"https:\/\/www.hradsaris.sk\/hradne-objekty\/#breadcrumb"},"inLanguage":"en-GB","potentialAction":[{"@type":"ReadAction","target":["https:\/\/www.hradsaris.sk\/hradne-objekty\/"]}]},{"@type":"BreadcrumbList","@id":"https:\/\/www.hradsaris.sk\/hradne-objekty\/#breadcrumb","itemListElement":[{"@type":"ListItem","position":1,"name":"Home","item":"https:\/\/www.hradsaris.sk\/"},{"@type":"ListItem","position":2,"name":"Hradn\u00e9 objekty"}]},{"@type":"WebSite","@id":"https:\/\/www.hradsaris.sk\/#website","url":"https:\/\/www.hradsaris.sk\/","name":"Hrad \u0160ari\u0161","description":"Historick\u00e9 srdce \u0160ari\u0161a","potentialAction":[{"@type":"SearchAction","target":{"@type":"EntryPoint","urlTemplate":"https:\/\/www.hradsaris.sk\/?s={search_term_string}"},"query-input":"required name=search_term_string"}],"inLanguage":"en-GB"}]}},"_links":{"self":[{"href":"https:\/\/www.hradsaris.sk\/wp-json\/wp\/v2\/pages\/32351"}],"collection":[{"href":"https:\/\/www.hradsaris.sk\/wp-json\/wp\/v2\/pages"}],"about":[{"href":"https:\/\/www.hradsaris.sk\/wp-json\/wp\/v2\/types\/page"}],"author":[{"embeddable":true,"href":"https:\/\/www.hradsaris.sk\/wp-json\/wp\/v2\/users\/1"}],"replies":[{"embeddable":true,"href":"https:\/\/www.hradsaris.sk\/wp-json\/wp\/v2\/comments?post=32351"}],"version-history":[{"count":7,"href":"https:\/\/www.hradsaris.sk\/wp-json\/wp\/v2\/pages\/32351\/revisions"}],"predecessor-version":[{"id":32814,"href":"https:\/\/www.hradsaris.sk\/wp-json\/wp\/v2\/pages\/32351\/revisions\/32814"}],"wp:attachment":[{"href":"https:\/\/www.hradsaris.sk\/wp-json\/wp\/v2\/media?parent=32351"}],"curies":[{"name":"wp","href":"https:\/\/api.w.org\/{rel}","templated":true}]}}