{"id":32301,"date":"2022-06-23T09:39:34","date_gmt":"2022-06-23T09:39:34","guid":{"rendered":"https:\/\/www.hradsaris.sk\/?page_id=32301"},"modified":"2024-04-30T19:38:57","modified_gmt":"2024-04-30T19:38:57","slug":"prevazdkovy-poriadok","status":"publish","type":"page","link":"https:\/\/www.hradsaris.sk\/prevazdkovy-poriadok\/","title":{"rendered":"Prev\u00e1zdkov\u00fd poriadok"},"content":{"rendered":"<p>[vc_section][vc_row][vc_column][vc_column_text]<b>PREV\u00c1DZKOV\u00dd PORIADOK HRADU \u0160ARI\u0160<span class=\"Apple-converted-space\">\u00a0<\/span><\/b><\/p>\n<p><span class=\"Apple-converted-space\">\u00a0<\/span><b>Preambula<\/b><\/p>\n<ol>\n<li>Vlastn\u00edkom Hradu \u0160ari\u0161 (\u010falej len \u201ehrad\u201c) je Mesto Ve\u013ek\u00fd \u0160ari\u0161 (\u010falej len \u201emesto\u201c). Tento Prev\u00e1dzkov\u00fd poriadok Hradu \u0160ari\u0161 (\u010falej len \u201eprev\u00e1dzkov\u00fd poriadok\u201c) je z\u00e1v\u00e4zn\u00fd pre u\u017e\u00edvate\u013eov hradu vymedzen\u00fdch \u010falej v\u00a0tomto prev\u00e1dzkovom poriadku, ktor\u00ed s\u00fa povinn\u00ed vopred sa s\u00a0n\u00edm obozn\u00e1mi\u0165 a\u00a0dodr\u017eiava\u0165 jeho ustanovenia. Mesto zabezpe\u010duje prev\u00e1dzku hradu, m\u00e1 pr\u00e1vo kontrolova\u0165 dodr\u017eiavanie tohto prev\u00e1dzkov\u00e9ho poriadku a\u00a0usmer\u0148ova\u0165 v\u0161etky \u010dinnosti na hrade. Vstup na hrad je na vlastn\u00e9 nebezpe\u010denstvo.<span class=\"Apple-converted-space\">\u00a0<\/span><\/li>\n<\/ol>\n<ol start=\"2\">\n<li>Hrad je jeden z\u00a0najv\u00e4\u010d\u0161\u00edch hradn\u00fdch komplexov na Slovensku, rozprestiera sa na vyv\u00fd\u0161enine sope\u010dn\u00e9ho p\u00f4vodu, severoz\u00e1padne od mesta. Hrad je n\u00e1rodnou kult\u00farnou pamiatkou a je s\u00fa\u010das\u0165ou N\u00e1rodnej pr\u00edrodnej rezerv\u00e1cie \u0160ari\u0161sk\u00fd hradn\u00fd vrch s piatym stup\u0148om ochrany.<span class=\"Apple-converted-space\">\u00a0<\/span><\/li>\n<\/ol>\n<p><b>\u010cl\u00e1nok I<\/b><\/p>\n<p><b>\u00da\u010del<\/b><span class=\"Apple-converted-space\">\u00a0<\/span><\/p>\n<ol>\n<li>Tento prev\u00e1dzkov\u00fd poriadok ur\u010duje predov\u0161etk\u00fdm z\u00e1kladn\u00e9 podmienky u\u017e\u00edvania hradu na komer\u010dn\u00e9 vyu\u017e\u00edvanie r\u00f4znymi subjektami, podmienky organizovania kult\u00farnych, spolo\u010densk\u00fdch a in\u00fdch podujat\u00ed v\u00a0are\u00e1li hradu a\u00a0podmienky vykon\u00e1vania archeologick\u00e9ho v\u00fdskumu a\u00a0pamiatkovej ochrany hradu.<\/li>\n<\/ol>\n<ol start=\"2\">\n<li>Tento prev\u00e1dzkov\u00fd poriadok je z\u00e1v\u00e4zn\u00fd pre organiz\u00e1torov podujat\u00ed a\u00a0in\u00fdch u\u017e\u00edvate\u013eov hradu v\u00a0zmysle odseku 1.<span class=\"Apple-converted-space\">\u00a0<\/span><\/li>\n<\/ol>\n<ol start=\"3\">\n<li>\u00da\u010delom tohto prev\u00e1dzkov\u00e9ho poriadku je najm\u00e4 ochrana a vyu\u017eitie hradu a s t\u00fdm spojen\u00e1 ochrana os\u00f4b pri ich pohybe v are\u00e1li hradu.<b>\u00a0<\/b><\/li>\n<\/ol>\n<p><b>\u010cl\u00e1nok II<\/b><\/p>\n<p><b>Pr\u00edstup k hradu<\/b><span class=\"Apple-converted-space\">\u00a0<\/span><\/p>\n<ol>\n<li>Pr\u00edstup k hradu je povolen\u00fd iba po tras\u00e1ch \u0161pecifikovan\u00fdch v tomto \u010dl\u00e1nku.<\/li>\n<\/ol>\n<ol start=\"2\">\n<li>Pri vyu\u017e\u00edvan\u00ed lesn\u00fdch ciest sa postupuje v zmysle \u00a7 25 z\u00e1kona \u010d. 326\/2005 Z. z. o\u00a0lesoch v\u00a0znen\u00ed neskor\u0161\u00edch predpisov; vstup s motorov\u00fdm vozidlom na lesn\u00e9 cesty bez s\u00fahlasu vlastn\u00edka alebo spr\u00e1vcu lesa je zak\u00e1zan\u00fd. Okrem s\u00fahlasu pod\u013ea prvej vety sa na umo\u017enenie vstupu s\u00a0motorov\u00fdm vozidlom na lesn\u00e9 cesty, ktor\u00e9 s\u00fa pr\u00edstupov\u00fdmi komunik\u00e1ciami k\u00a0hradu v\u00a0zmysle odseku\u00a03, vy\u017eaduje aj povolenie pr\u00edslu\u0161n\u00e9ho org\u00e1nu ochrany pr\u00edrody.<\/li>\n<\/ol>\n<ol start=\"3\">\n<li>Trasy pr\u00edstupov\u00fdch komunik\u00e1ci\u00ed k\u00a0hradu, vr\u00e1tane n\u00e1u\u010dn\u00e9ho chodn\u00edka a turistickej trasy na hrad s\u00fa uveden\u00e9 v pr\u00edlohe \u010d. 2.<span class=\"Apple-converted-space\">\u00a0<\/span><\/li>\n<\/ol>\n<p><span class=\"Apple-converted-space\">\u00a0\u00a0<\/span><b>\u010cl\u00e1nok III<\/b><\/p>\n<p><b>Podmienky u\u017e\u00edvania hradu<\/b><\/p>\n<ol>\n<li>Tento prev\u00e1dzkov\u00fd poriadok upravuje podmienky vyu\u017e\u00edvania hradu po str\u00e1nke obnovy, rekon\u0161trukcie, statick\u00e9ho zabezpe\u010denia, archeologick\u00e9ho v\u00fdskumu, architektonicko-historick\u00e9ho v\u00fdskumu a\u00a0organizovania podujat\u00ed v\u00a0are\u00e1li hradu na jeho komer\u010dn\u00e9 a\u00a0in\u00e9 vyu\u017eitie. Tento prev\u00e1dzkov\u00fd poriadok \u010falej upravuje podmienky vyu\u017eitia hradu za \u00fa\u010delom obhospodarovania, \u00fadr\u017eby a\u00a0starostlivosti o\u00a0hrad; z\u00e1rove\u0148 upravuje podmienky spolupr\u00e1ce mesta so subjektami pracuj\u00facimi na hrade. <span class=\"Apple-converted-space\">\u00a0<\/span><\/li>\n<\/ol>\n<p><span class=\"Apple-converted-space\">\u00a0<\/span><\/p>\n<ol start=\"2\">\n<li>Vstupova\u0165 do are\u00e1lu hradu a u\u017e\u00edva\u0165 hrad v rozpore s odsekom 1 je zak\u00e1zan\u00e9. <span class=\"Apple-converted-space\">\u00a0<\/span><\/li>\n<\/ol>\n<p><span class=\"Apple-converted-space\">\u00a0<\/span><\/p>\n<ol start=\"3\">\n<li>Projekt, ktor\u00e9ho akouko\u013evek s\u00fa\u010das\u0165ou je hrad, mus\u00ed by\u0165 pred jeho podan\u00edm konzultovan\u00fd s mestom a je podmienen\u00fd s\u00fahlasom mesta.<span class=\"Apple-converted-space\">\u00a0<\/span><\/li>\n<\/ol>\n<p><span class=\"Apple-converted-space\">\u00a0<\/span><\/p>\n<ol start=\"4\">\n<li>Propag\u00e1cie spojen\u00e9 s\u00a0komer\u010dn\u00fdm vyu\u017eit\u00edm hradu musia by\u0165 vopred schv\u00e1len\u00e9 mestom. Propag\u00e1ciou v\u00a0zmysle prvej vety sa rozumej\u00fa p\u00edsomn\u00e9, zvukov\u00e9 a\u00a0obrazov\u00e9 z\u00e1znamy, tla\u010doviny, knihy, fotografie, filmy, reklamn\u00e9 p\u00fata\u010de a in\u00e9 formy propag\u00e1cie.<\/li>\n<\/ol>\n<ol start=\"5\">\n<li>Uskuto\u010d\u0148ova\u0165 ak\u00fako\u013evek reklamn\u00fa alebo agita\u010dn\u00fa \u010dinnos\u0165, vykon\u00e1va\u0165 predajn\u00fa \u010dinnos\u0165 alebo poskytovanie slu\u017eieb, vybera\u0165 dobrovo\u013en\u00e9 pr\u00edspevky alebo dary a uskuto\u010d\u0148ova\u0165 ak\u00e9ko\u013evek zbierky v\u00a0are\u00e1li hradu mo\u017eno iba so s\u00fahlasom mesta.<span class=\"Apple-converted-space\">\u00a0<\/span><\/li>\n<\/ol>\n<p><span class=\"Apple-converted-space\">\u00a0\u00a0 \u00a0 \u00a0 \u00a0 \u00a0 \u00a0<\/span><\/p>\n<p><b>\u010cl\u00e1nok IV<span class=\"Apple-converted-space\">\u00a0<\/span><\/b><\/p>\n<p><b>Organizovanie podujat\u00ed v are\u00e1li hradu<\/b><\/p>\n<p><sub><span class=\"Apple-converted-space\">\u00a0<\/span><\/sub><\/p>\n<ol>\n<li>V\u00a0are\u00e1li hradu sa uskuto\u010d\u0148uj\u00fa jednorazov\u00e9 alebo pravideln\u00e9 aktivity spolo\u010densk\u00e9ho, \u0161portov\u00e9ho, turistick\u00e9ho a n\u00e1u\u010dn\u00e9ho charakteru najm\u00e4 za \u00fa\u010delom relaxu, oddychu, vzdel\u00e1vania a pozn\u00e1vania hradu a\u00a0jeho hist\u00f3rie.<span class=\"Apple-converted-space\">\u00a0<\/span><\/li>\n<\/ol>\n<p><span class=\"Apple-converted-space\">\u00a0<\/span><\/p>\n<ol start=\"2\">\n<li>Podujatia organizovan\u00e9 v are\u00e1li hradu podliehaj\u00fa povoleniu mesta.<span class=\"Apple-converted-space\">\u00a0<\/span><\/li>\n<\/ol>\n<ol start=\"3\">\n<li>O povolenie zorganizova\u0165 podujatie v are\u00e1li hradu je organiz\u00e1tor tohto podujatia povinn\u00fd po\u017eiada\u0165 na tla\u010dive, ktor\u00e9 je uveden\u00e9 v pr\u00edlohe \u010d.\u00a03, a predlo\u017ei\u0165 ho na Mestsk\u00fd \u00farad Ve\u013ek\u00fd \u0160ari\u0161 najmenej 30 dn\u00ed pred pl\u00e1novan\u00fdm d\u0148om konania tohto podujatia, ak nejde o zmluvu uzatvoren\u00fa za t\u00fdmto \u00fa\u010delom s\u00a0mestom. Tla\u010divo pod\u013ea prvej vety je dostupn\u00e9 na webovom s\u00eddle mesta.<\/li>\n<\/ol>\n<ol start=\"4\">\n<li>Vyu\u017e\u00edvanie hradu:<\/li>\n<\/ol>\n<ol>\n<li>na turistick\u00e9 a\u00a0v\u00fdchovno-vzdel\u00e1vacie \u00fa\u010dely subjektami, ktor\u00fdch \u00fa\u010delom zalo\u017eenia je zdru\u017eovanie os\u00f4b s\u00a0\u0165a\u017ek\u00fdm zdravotn\u00fdm postihnut\u00edm, neziskov\u00fdmi organiz\u00e1ciami a registrovan\u00fdmi cirkvami,<\/li>\n<li>na nekomer\u010dn\u00e9 \u00fa\u010dely subjektami, ktor\u00fdmi s\u00fa pr\u00e1vnick\u00e9 osoby so s\u00eddlom na \u00fazem\u00ed mesta,<\/li>\n<\/ol>\n<p>je bezplatn\u00e9.<\/p>\n<p>Pri podujat\u00ed organizovanom v\u00a0are\u00e1li hradu na \u00fa\u010dely uveden\u00e9 v\u00a0prvej vete subjektami definovan\u00fdmi v\u00a0prvej vete s\u00fa podmienky vyu\u017eitia hradu pre organiz\u00e1tora tohto podujatia ur\u010den\u00e9 v\u017edy v\u00a0zmluve uzatvorenej za t\u00fdmto \u00fa\u010delom s\u00a0mestom.<span class=\"Apple-converted-space\">\u00a0<\/span><\/p>\n<p><span class=\"Apple-converted-space\">\u00a0\u00a0<\/span><\/p>\n<ol start=\"5\">\n<li>V\u00a0pr\u00edpade podujatia organizovan\u00e9ho v\u00a0are\u00e1li hradu na in\u00e9 \u00fa\u010dely alebo in\u00fdmi subjektami ako \u0161pecifikuje\u00a0odsek\u00a04 je organiz\u00e1tor tohto podujatia povinn\u00fd uhradi\u0165 mestu pr\u00edspevok na \u010diasto\u010dn\u00fa kompenz\u00e1ciu n\u00e1kladov na spr\u00e1vu kult\u00farnej pamiatky v\u00a0zmysle V\u0161eobecne z\u00e1v\u00e4zn\u00e9ho nariadenia Mesta Ve\u013ek\u00fd \u0160ari\u0161 \u010d.\u00a019\/2022 o\u00a0spr\u00e1ve kult\u00farnej pamiatky Hrad \u0160ari\u0161 v\u00a0znen\u00ed neskor\u0161\u00edch predpisov, a\u00a0to v nasledovnej v\u00fd\u0161ke:<span class=\"Apple-converted-space\">\u00a0<\/span><\/li>\n<\/ol>\n<p>a) 150 eur\/de\u0148 za podujatie s\u00a0d\u013a\u017ekou trvania do 4 hod. a po\u010dtom \u00fa\u010dastn\u00edkov najviac 50 os\u00f4b, okrem podujat\u00ed pod\u013ea p\u00edsm. e) a\u00a0f),<\/p>\n<p>b) 250 eur\/de\u0148 za podujatie s d\u013a\u017ekou trvania do 4 hod. a po\u010dtom \u00fa\u010dastn\u00edkov viac ako 50 os\u00f4b,<\/p>\n<p>c) 500 eur\/de\u0148 za podujatie s d\u013a\u017ekou trvania nad 4 hod.,<\/p>\n<p>d) 40\u00a0eur\/de\u0148 za umiestnenie predajn\u00e9ho st\u00e1nku alebo obdobn\u00e9ho zariadenia (\u010falej len \u201epredajn\u00e9 zariadenie\u201c); tento pr\u00edspevok uhr\u00e1dza mestu subjekt, ktor\u00fd je vo vz\u0165ahu k predajn\u00e9mu zariadeniu pred\u00e1vaj\u00facim pod\u013ea V\u0161eobecne z\u00e1v\u00e4zn\u00e9ho nariadenia Mesta Ve\u013ek\u00fd \u0160ari\u0161 \u010d.\u00a05\/2020 o\u00a0podmienkach predaja v\u00fdrobkov a\u00a0poskytovania slu\u017eieb na trhov\u00fdch miestach na \u00fazem\u00ed mesta Ve\u013ek\u00fd \u0160ari\u0161 v\u00a0znen\u00ed neskor\u0161\u00edch predpisov,<\/p>\n<p>e) 100\u00a0eur\/de\u0148 za uskuto\u010dnenie sob\u00e1\u0161a, pokia\u013e je jeho d\u013a\u017eka trvania do 4\u00a0hod. a\u00a0po\u010det \u00fa\u010dastn\u00edkov najviac 50 os\u00f4b, inak vo v\u00fd\u0161ke uvedenej v\u00a0p\u00edsm. b) alebo c),<span class=\"Apple-converted-space\">\u00a0<\/span><\/p>\n<p>f) 100 eur\/de\u0148 za fotenie alebo filmovanie na komer\u010dn\u00e9 \u00fa\u010dely, pokia\u013e je jeho d\u013a\u017eka trvania do\u00a04 hod. a po\u010det \u00fa\u010dastn\u00edkov najviac 50 os\u00f4b, inak vo v\u00fd\u0161ke uvedenej v\u00a0p\u00edsm. b) alebo c),<\/p>\n<p>ak nejde o\u00a0zmluvu uzatvoren\u00fa za t\u00fdmto \u00fa\u010delom s\u00a0mestom.<\/p>\n<p>Umiestnenie predajn\u00e9ho zariadenia pod\u013ea p\u00edsm.\u00a0d) sa nepova\u017euje za podujatie organizovan\u00e9 v are\u00e1li hradu; t\u00fdm nie je dotknut\u00e1 povinnos\u0165 \u00fahrady pr\u00edspevku v\u00a0zmysle p\u00edsm.\u00a0d).<\/p>\n<p>6. Ak je s\u00a0organizovan\u00edm podujatia v\u00a0zmysle odseku\u00a04 alebo\u00a05 spojen\u00fd odber elektriny z elektrick\u00e9ho zdroja v\u00a0are\u00e1li hradu (\u010falej len \u201eelektrina\u201c), organiz\u00e1tor tohto podujatia je povinn\u00fd uhradi\u0165 mestu aj primeran\u00fa n\u00e1hradu za elektrinu spotrebovan\u00fa organiz\u00e1torom tohto podujatia. Primeran\u00fa n\u00e1hradu pod\u013ea prvej vety ur\u010d\u00ed mesto.<\/p>\n<p>7. Ustanovenia odsekov\u00a02 a\u017e 6 s\u00a0v\u00fdnimkou odseku\u00a05 p\u00edsm.\u00a0d) sa nev\u0165ahuj\u00fa na podujatia organizovan\u00e9 v are\u00e1li hradu, ktor\u00fdch organiz\u00e1torom je mesto.<\/p>\n<p>8. V\u00a0pr\u00edpade umiestnenia predajn\u00e9ho zariadenia v\u00a0are\u00e1li hradu vznik\u00e1 povinnos\u0165 \u00fahrady pr\u00edspevku v\u00a0zmysle odseku\u00a05 p\u00edsm.\u00a0d) aj bez konania podujatia organizovan\u00e9ho v are\u00e1li hradu. <span class=\"Apple-converted-space\">\u00a0 \u00a0<\/span><\/p>\n<p><b>\u010cl\u00e1nok V<\/b><\/p>\n<p><b>\u010cinnos\u0165 ob\u010dianskych zdru\u017een\u00ed a\u00a0in\u00fdch subjektov<\/b><\/p>\n<p><span class=\"Apple-converted-space\">\u00a0<\/span><\/p>\n<ol>\n<li>Ob\u010dianske zdru\u017eenia a\u00a0in\u00e9 subjekty, ktor\u00e9 pom\u00e1haj\u00fa pri obnove, konzerv\u00e1cii, \u00fadr\u017ebe, v\u00fdskume a obhospodarovan\u00ed hradu, m\u00f4\u017eu tak robi\u0165 iba so s\u00fahlasom mesta.<span class=\"Apple-converted-space\">\u00a0<\/span><\/li>\n<\/ol>\n<p><span class=\"Apple-converted-space\">\u00a0\u00a0 \u00a0 \u00a0 \u00a0 \u00a0 \u00a0 \u00a0 \u00a0 \u00a0 \u00a0 \u00a0 \u00a0 \u00a0 \u00a0 \u00a0 \u00a0 \u00a0 \u00a0 \u00a0 \u00a0 \u00a0 \u00a0 \u00a0 \u00a0 \u00a0 \u00a0 \u00a0 \u00a0 \u00a0 \u00a0 \u00a0<\/span><\/p>\n<ol start=\"2\">\n<li>Ob\u010dianske zdru\u017eenia a in\u00e9 subjekty pom\u00e1haj\u00face pri obnove, konzerv\u00e1cii, \u00fadr\u017ebe, v\u00fdskume a\u00a0obhospodarovan\u00ed hradu predlo\u017eia mestu ka\u017edoro\u010dne do 15.\u00a0febru\u00e1ra svoje n\u00e1vrhy na pr\u00e1ce v\u00a0are\u00e1li hradu na pr\u00edslu\u0161n\u00fd kalend\u00e1rny rok. <span class=\"Apple-converted-space\">\u00a0<\/span><\/li>\n<\/ol>\n<ol start=\"3\">\n<li>Mesto uzatvor\u00ed so\u00a0subjektom pod\u013ea odseku 2 zmluvu na pr\u00edslu\u0161n\u00fd kalend\u00e1rny rok, v ktorej sa uvedie rozsah pr\u00e1c, podmienky a\u00a0\u010dasov\u00fd harmonogram pr\u00e1c, ktor\u00e9 tento subjekt v\u00a0pr\u00edslu\u0161nom kalend\u00e1rnom roku na hrade vykon\u00e1.<span class=\"Apple-converted-space\">\u00a0<\/span><\/li>\n<\/ol>\n<p><span class=\"Apple-converted-space\">\u00a0<\/span><\/p>\n<ol start=\"4\">\n<li>V\u0161etky stavebn\u00e9 pr\u00e1ce, architektonicko-historick\u00fd v\u00fdskum, archeologick\u00fd v\u00fdskum a projek\u010dn\u00e9 pr\u00e1ce v\u00a0are\u00e1li hradu podliehaj\u00fa schv\u00e1leniu Krajsk\u00e9ho pamiatkov\u00e9ho \u00faradu v Pre\u0161ove.<span class=\"Apple-converted-space\">\u00a0<\/span><\/li>\n<\/ol>\n<p><span class=\"Apple-converted-space\">\u00a0<\/span><\/p>\n<ol start=\"5\">\n<li>Ba\u0161ta \u010d.\u00a010 hradu m\u00f4\u017ee by\u0165 vyu\u017e\u00edvan\u00e1 ob\u010dianskymi zdru\u017eeniami pod\u013ea podmienok uveden\u00fdch v zmluve uzatvorenej za t\u00fdmto \u00fa\u010delom s\u00a0mestom. <b>\u00a0<\/b><\/li>\n<\/ol>\n<p><b>\u010cl\u00e1nok VI<\/b><\/p>\n<p><b>Osobitn\u00e9 ustanovenia<\/b><\/p>\n<ol>\n<li>Archeologick\u00fd v\u00fdskum a\u00a0pamiatkov\u00fa ochranu v\u00a0are\u00e1li hradu vykon\u00e1va mesto v\u017edy prostredn\u00edctvom odborne sp\u00f4sobil\u00fdch os\u00f4b.<span class=\"Apple-converted-space\">\u00a0<\/span><\/li>\n<li>Distribuovanie turistick\u00fdch inform\u00e1ci\u00ed, predaj ob\u010derstvenia, poskytovanie propaga\u010dn\u00fdch materi\u00e1lov a\u00a0vykon\u00e1vanie mimo\u0161kolskej vzdel\u00e1vacej \u010dinnosti v are\u00e1li hradu zabezpe\u010duje mesto, pr\u00edpadne na z\u00e1klade s\u00fahlasu mesta in\u00e1 osoba.<span class=\"Apple-converted-space\">\u00a0<\/span><\/li>\n<\/ol>\n<p><b>\u010cl\u00e1nok VII<\/b><\/p>\n<p><b>Kontrola a sankcie<\/b><\/p>\n<ol>\n<li>Kontrolu dodr\u017eiavania tohto prev\u00e1dzkov\u00e9ho poriadku vykon\u00e1va mesto prostredn\u00edctvom n\u00edm ur\u010den\u00fdch os\u00f4b.<span class=\"Apple-converted-space\">\u00a0<\/span><\/li>\n<\/ol>\n<p><span class=\"Apple-converted-space\">\u00a0<\/span><\/p>\n<p>2. V pr\u00edpade poru\u0161enia tohto prev\u00e1dzkov\u00e9ho poriadku mesto uplatn\u00ed sankcie pod\u013ea osobitn\u00fdch predpisov.<span class=\"Apple-converted-space\">\u00a0<\/span><\/p>\n<p><b>\u010cl\u00e1nok VIII<span class=\"Apple-converted-space\">\u00a0<\/span><\/b><\/p>\n<p><b>Z\u00e1vere\u010dn\u00e9 ustanovenia<\/b><\/p>\n<p><span class=\"Apple-converted-space\">\u00a0<\/span><\/p>\n<ol>\n<li>Priania, pripomienky a\u00a0in\u00e9 podnety v\u00a0s\u00favislosti s hradom m\u00f4\u017eu u\u017e\u00edvatelia hradu v\u00a0zmysle tohto prev\u00e1dzkov\u00e9ho poriadku posla\u0165 e-mailom na adresu: hradsaris@velkysaris.sk.<span class=\"Apple-converted-space\">\u00a0<\/span><\/li>\n<\/ol>\n<p><span class=\"Apple-converted-space\">\u00a0<\/span><\/p>\n<ol start=\"2\">\n<li>Tento prev\u00e1dzkov\u00fd poriadok nadob\u00fada \u00fa\u010dinnos\u0165 01.07.2023.<span class=\"Apple-converted-space\">\u00a0<\/span><\/li>\n<\/ol>\n<p>S\u00fa\u010das\u0165ou tohto prev\u00e1dzkov\u00e9ho poriadku s\u00fa nasledovn\u00e9 pr\u00edlohy:<span class=\"Apple-converted-space\">\u00a0<\/span><\/p>\n<p>Pr\u00edloha \u010d. 1 \u2013 <a href=\"https:\/\/www.hradsaris.sk\/hradne-objekty\/\">Grafick\u00e9 zn\u00e1zornenie plochy hradu a\u00a0jeho vyhraden\u00fdch miest<\/a><\/p>\n<p>Pr\u00edloha \u010d. 2 \u2013 <a href=\"https:\/\/www.hradsaris.sk\/dostupnost\/\">Trasy pr\u00edstupov\u00fdch komunik\u00e1ci\u00ed k\u00a0hradu<\/a><\/p>\n<p>Pr\u00edloha \u010d. 3 \u2013 <a href=\"https:\/\/www.hradsaris.sk\/wp-content\/uploads\/2023\/08\/priloha-3-k-PP-ziadost-o-povolenie-hrad-saris.pdf\">Tla\u010divo \u017eiadosti o povolenie zorganizova\u0165 podujatie v are\u00e1li hradu<\/a><\/p>\n<p>JUDr. Viliam Kall<\/p>\n<p><span class=\"Apple-converted-space\">\u00a0 <\/span>prim\u00e1tor mesta[\/vc_column_text][vc_column_text]Pozrie\u0165 aj <a href=\"https:\/\/www.hradsaris.sk\/navstevny-poriadok\/\">n\u00e1v\u0161tevn\u00fd poriadok hradu<\/a>[\/vc_column_text][\/vc_column][\/vc_row][\/vc_section]<\/p>\n","protected":false},"excerpt":{"rendered":"<p>[vc_section][vc_row][vc_column][vc_column_text]PREV\u00c1DZKOV\u00dd PORIADOK HRADU \u0160ARI\u0160\u00a0 \u00a0Preambula Vlastn\u00edkom Hradu \u0160ari\u0161 (\u010falej len \u201ehrad\u201c) je Mesto Ve\u013ek\u00fd \u0160ari\u0161 (\u010falej len \u201emesto\u201c). Tento Prev\u00e1dzkov\u00fd poriadok Hradu \u0160ari\u0161 (\u010falej len \u201eprev\u00e1dzkov\u00fd poriadok\u201c) je z\u00e1v\u00e4zn\u00fd pre<\/p>\n","protected":false},"author":1,"featured_media":0,"parent":0,"menu_order":0,"comment_status":"closed","ping_status":"closed","template":"","meta":{"inline_featured_image":false,"_monsterinsights_skip_tracking":false,"_monsterinsights_sitenote_active":false,"_monsterinsights_sitenote_note":"","_monsterinsights_sitenote_category":0,"footnotes":""},"yoast_head":"<!-- This site is optimized with the Yoast SEO plugin v22.6 - https:\/\/yoast.com\/wordpress\/plugins\/seo\/ -->\n<title>Prev\u00e1zdkov\u00fd poriadok<\/title>\n<meta name=\"description\" content=\"[vc_section][vc_row][vc_column][vc_column_text]PREV\u00c1DZKOV\u00dd PORIADOK HRADU \u0160ARI\u0160\u00a0 \u00a0Preambula Vlastn\u00edkom Hradu \u0160ari\u0161 (\u010falej len \u201ehrad\u201c) je Mesto Ve\u013ek\u00fd \u0160ari\u0161 (\u010falej len \u201emesto\u201c). Tento Prev\u00e1dzkov\u00fd poriadok Hradu \u0160ari\u0161 (\u010falej len \u201eprev\u00e1dzkov\u00fd poriadok\u201c) je z\u00e1v\u00e4zn\u00fd pre u\u017e\u00edvate\u013eov hradu vymedzen\u00fdch \u010falej v\u00a0tomto prev\u00e1dzkovom poriadku, ktor\u00ed s\u00fa povinn\u00ed vopred sa s\u00a0n\u00edm obozn\u00e1mi\u0165 a\u00a0dodr\u017eiava\u0165 jeho ustanovenia. Mesto zabezpe\u010duje prev\u00e1dzku hradu, m\u00e1 pr\u00e1vo kontrolova\u0165 dodr\u017eiavanie&hellip;\" \/>\n<meta name=\"robots\" content=\"index, follow, max-snippet:-1, max-image-preview:large, max-video-preview:-1\" \/>\n<link rel=\"canonical\" href=\"https:\/\/www.hradsaris.sk\/prevazdkovy-poriadok\/\" \/>\n<meta property=\"og:locale\" content=\"en_GB\" \/>\n<meta property=\"og:type\" content=\"article\" \/>\n<meta property=\"og:title\" content=\"Prev\u00e1zdkov\u00fd poriadok\" \/>\n<meta property=\"og:description\" content=\"[vc_section][vc_row][vc_column][vc_column_text]PREV\u00c1DZKOV\u00dd PORIADOK HRADU \u0160ARI\u0160\u00a0 \u00a0Preambula Vlastn\u00edkom Hradu \u0160ari\u0161 (\u010falej len \u201ehrad\u201c) je Mesto Ve\u013ek\u00fd \u0160ari\u0161 (\u010falej len \u201emesto\u201c). Tento Prev\u00e1dzkov\u00fd poriadok Hradu \u0160ari\u0161 (\u010falej len \u201eprev\u00e1dzkov\u00fd poriadok\u201c) je z\u00e1v\u00e4zn\u00fd pre u\u017e\u00edvate\u013eov hradu vymedzen\u00fdch \u010falej v\u00a0tomto prev\u00e1dzkovom poriadku, ktor\u00ed s\u00fa povinn\u00ed vopred sa s\u00a0n\u00edm obozn\u00e1mi\u0165 a\u00a0dodr\u017eiava\u0165 jeho ustanovenia. Mesto zabezpe\u010duje prev\u00e1dzku hradu, m\u00e1 pr\u00e1vo kontrolova\u0165 dodr\u017eiavanie&hellip;\" \/>\n<meta property=\"og:url\" content=\"https:\/\/www.hradsaris.sk\/prevazdkovy-poriadok\/\" \/>\n<meta property=\"og:site_name\" content=\"Hrad \u0160ari\u0161\" \/>\n<meta property=\"article:modified_time\" content=\"2024-04-30T19:38:57+00:00\" \/>\n<meta name=\"twitter:card\" content=\"summary_large_image\" \/>\n<meta name=\"twitter:label1\" content=\"Estimated reading time\" \/>\n\t<meta name=\"twitter:data1\" content=\"7 minutes\" \/>\n<script type=\"application\/ld+json\" class=\"yoast-schema-graph\">{\"@context\":\"https:\/\/schema.org\",\"@graph\":[{\"@type\":\"WebPage\",\"@id\":\"https:\/\/www.hradsaris.sk\/prevazdkovy-poriadok\/\",\"url\":\"https:\/\/www.hradsaris.sk\/prevazdkovy-poriadok\/\",\"name\":\"Prev\u00e1zdkov\u00fd poriadok - Hrad \u0160ari\u0161\",\"isPartOf\":{\"@id\":\"https:\/\/www.hradsaris.sk\/#website\"},\"datePublished\":\"2022-06-23T09:39:34+00:00\",\"dateModified\":\"2024-04-30T19:38:57+00:00\",\"breadcrumb\":{\"@id\":\"https:\/\/www.hradsaris.sk\/prevazdkovy-poriadok\/#breadcrumb\"},\"inLanguage\":\"en-GB\",\"potentialAction\":[{\"@type\":\"ReadAction\",\"target\":[\"https:\/\/www.hradsaris.sk\/prevazdkovy-poriadok\/\"]}]},{\"@type\":\"BreadcrumbList\",\"@id\":\"https:\/\/www.hradsaris.sk\/prevazdkovy-poriadok\/#breadcrumb\",\"itemListElement\":[{\"@type\":\"ListItem\",\"position\":1,\"name\":\"Home\",\"item\":\"https:\/\/www.hradsaris.sk\/\"},{\"@type\":\"ListItem\",\"position\":2,\"name\":\"Prev\u00e1zdkov\u00fd poriadok\"}]},{\"@type\":\"WebSite\",\"@id\":\"https:\/\/www.hradsaris.sk\/#website\",\"url\":\"https:\/\/www.hradsaris.sk\/\",\"name\":\"Hrad \u0160ari\u0161\",\"description\":\"Historick\u00e9 srdce \u0160ari\u0161a\",\"potentialAction\":[{\"@type\":\"SearchAction\",\"target\":{\"@type\":\"EntryPoint\",\"urlTemplate\":\"https:\/\/www.hradsaris.sk\/?s={search_term_string}\"},\"query-input\":\"required name=search_term_string\"}],\"inLanguage\":\"en-GB\"}]}<\/script>\n<!-- \/ Yoast SEO plugin. -->","yoast_head_json":{"title":"Prev\u00e1zdkov\u00fd poriadok","description":"[vc_section][vc_row][vc_column][vc_column_text]PREV\u00c1DZKOV\u00dd PORIADOK HRADU \u0160ARI\u0160\u00a0 \u00a0Preambula Vlastn\u00edkom Hradu \u0160ari\u0161 (\u010falej len \u201ehrad\u201c) je Mesto Ve\u013ek\u00fd \u0160ari\u0161 (\u010falej len \u201emesto\u201c). Tento Prev\u00e1dzkov\u00fd poriadok Hradu \u0160ari\u0161 (\u010falej len \u201eprev\u00e1dzkov\u00fd poriadok\u201c) je z\u00e1v\u00e4zn\u00fd pre u\u017e\u00edvate\u013eov hradu vymedzen\u00fdch \u010falej v\u00a0tomto prev\u00e1dzkovom poriadku, ktor\u00ed s\u00fa povinn\u00ed vopred sa s\u00a0n\u00edm obozn\u00e1mi\u0165 a\u00a0dodr\u017eiava\u0165 jeho ustanovenia. Mesto zabezpe\u010duje prev\u00e1dzku hradu, m\u00e1 pr\u00e1vo kontrolova\u0165 dodr\u017eiavanie&hellip;","robots":{"index":"index","follow":"follow","max-snippet":"max-snippet:-1","max-image-preview":"max-image-preview:large","max-video-preview":"max-video-preview:-1"},"canonical":"https:\/\/www.hradsaris.sk\/prevazdkovy-poriadok\/","og_locale":"en_GB","og_type":"article","og_title":"Prev\u00e1zdkov\u00fd poriadok","og_description":"[vc_section][vc_row][vc_column][vc_column_text]PREV\u00c1DZKOV\u00dd PORIADOK HRADU \u0160ARI\u0160\u00a0 \u00a0Preambula Vlastn\u00edkom Hradu \u0160ari\u0161 (\u010falej len \u201ehrad\u201c) je Mesto Ve\u013ek\u00fd \u0160ari\u0161 (\u010falej len \u201emesto\u201c). Tento Prev\u00e1dzkov\u00fd poriadok Hradu \u0160ari\u0161 (\u010falej len \u201eprev\u00e1dzkov\u00fd poriadok\u201c) je z\u00e1v\u00e4zn\u00fd pre u\u017e\u00edvate\u013eov hradu vymedzen\u00fdch \u010falej v\u00a0tomto prev\u00e1dzkovom poriadku, ktor\u00ed s\u00fa povinn\u00ed vopred sa s\u00a0n\u00edm obozn\u00e1mi\u0165 a\u00a0dodr\u017eiava\u0165 jeho ustanovenia. Mesto zabezpe\u010duje prev\u00e1dzku hradu, m\u00e1 pr\u00e1vo kontrolova\u0165 dodr\u017eiavanie&hellip;","og_url":"https:\/\/www.hradsaris.sk\/prevazdkovy-poriadok\/","og_site_name":"Hrad \u0160ari\u0161","article_modified_time":"2024-04-30T19:38:57+00:00","twitter_card":"summary_large_image","twitter_misc":{"Estimated reading time":"7 minutes"},"schema":{"@context":"https:\/\/schema.org","@graph":[{"@type":"WebPage","@id":"https:\/\/www.hradsaris.sk\/prevazdkovy-poriadok\/","url":"https:\/\/www.hradsaris.sk\/prevazdkovy-poriadok\/","name":"Prev\u00e1zdkov\u00fd poriadok - Hrad \u0160ari\u0161","isPartOf":{"@id":"https:\/\/www.hradsaris.sk\/#website"},"datePublished":"2022-06-23T09:39:34+00:00","dateModified":"2024-04-30T19:38:57+00:00","breadcrumb":{"@id":"https:\/\/www.hradsaris.sk\/prevazdkovy-poriadok\/#breadcrumb"},"inLanguage":"en-GB","potentialAction":[{"@type":"ReadAction","target":["https:\/\/www.hradsaris.sk\/prevazdkovy-poriadok\/"]}]},{"@type":"BreadcrumbList","@id":"https:\/\/www.hradsaris.sk\/prevazdkovy-poriadok\/#breadcrumb","itemListElement":[{"@type":"ListItem","position":1,"name":"Home","item":"https:\/\/www.hradsaris.sk\/"},{"@type":"ListItem","position":2,"name":"Prev\u00e1zdkov\u00fd poriadok"}]},{"@type":"WebSite","@id":"https:\/\/www.hradsaris.sk\/#website","url":"https:\/\/www.hradsaris.sk\/","name":"Hrad \u0160ari\u0161","description":"Historick\u00e9 srdce \u0160ari\u0161a","potentialAction":[{"@type":"SearchAction","target":{"@type":"EntryPoint","urlTemplate":"https:\/\/www.hradsaris.sk\/?s={search_term_string}"},"query-input":"required name=search_term_string"}],"inLanguage":"en-GB"}]}},"_links":{"self":[{"href":"https:\/\/www.hradsaris.sk\/wp-json\/wp\/v2\/pages\/32301"}],"collection":[{"href":"https:\/\/www.hradsaris.sk\/wp-json\/wp\/v2\/pages"}],"about":[{"href":"https:\/\/www.hradsaris.sk\/wp-json\/wp\/v2\/types\/page"}],"author":[{"embeddable":true,"href":"https:\/\/www.hradsaris.sk\/wp-json\/wp\/v2\/users\/1"}],"replies":[{"embeddable":true,"href":"https:\/\/www.hradsaris.sk\/wp-json\/wp\/v2\/comments?post=32301"}],"version-history":[{"count":7,"href":"https:\/\/www.hradsaris.sk\/wp-json\/wp\/v2\/pages\/32301\/revisions"}],"predecessor-version":[{"id":33195,"href":"https:\/\/www.hradsaris.sk\/wp-json\/wp\/v2\/pages\/32301\/revisions\/33195"}],"wp:attachment":[{"href":"https:\/\/www.hradsaris.sk\/wp-json\/wp\/v2\/media?parent=32301"}],"curies":[{"name":"wp","href":"https:\/\/api.w.org\/{rel}","templated":true}]}}